{"id":9284,"date":"2026-02-03T09:33:08","date_gmt":"2026-02-03T13:33:08","guid":{"rendered":"https:\/\/www.lasalle.edu.do\/portal\/?page_id=9284"},"modified":"2026-02-03T09:33:09","modified_gmt":"2026-02-03T13:33:09","slug":"lista-de-libros-y-materiales-2025-2026","status":"publish","type":"page","link":"https:\/\/www.lasalle.edu.do\/portal\/lista-de-libros-y-materiales-2025-2026\/","title":{"rendered":"Lista de Libros y Materiales 2025-2026"},"content":{"rendered":"<div class=\"wpb-content-wrapper\">[vc_row][vc_column][vc_column_text]\n<p style=\"text-align: center;\"><strong>DESCARGUE LOS DOCUMENTOS DEL CURSO DESEADO. \u00a0LISTADOS PUBLICADOS PARA EL A\u00d1O ESCOLAR 2025-2026.<\/strong><\/p>\n<p>&nbsp;<\/p>\n<blockquote><p><strong>Nivel Inicial<\/strong><\/p><\/blockquote>\n<div class=\"su-list\" style=\"margin-left:0px\">\n<ul>\n<li><i class=\"sui sui-star\" style=\"color:#333\"><\/i> <img loading=\"lazy\" decoding=\"async\" class=\"alignright size-medium wp-image-6741\" style=\"color: #014998; text-decoration: underline;\" src=\"http:\/\/www.lasalle.edu.do\/portal\/wp-content\/uploads\/2016\/05\/file_extension_pdf.ico\" alt=\"file_extension_pdf\" width=\"1\" height=\"1\" \/><a style=\"color: #014998; text-decoration: underline;\" href=\"https:\/\/www.lasalle.edu.do\/portal\/wp-content\/uploads\/2025\/07\/Seccion-I-Nivel-Inicial-Estrellitas-RV.pdf\" target=\"_blank\" rel=\"noopener\">Estrellitas<\/a><\/li>\n<li><i class=\"sui sui-star\" style=\"color:#333\"><\/i> <img loading=\"lazy\" decoding=\"async\" class=\"alignright size-medium wp-image-6741\" style=\"color: #014998; text-decoration: underline;\" src=\"http:\/\/www.lasalle.edu.do\/portal\/wp-content\/uploads\/2016\/05\/file_extension_pdf.ico\" alt=\"file_extension_pdf\" width=\"1\" height=\"1\" \/><a style=\"color: #014998; text-decoration: underline;\" href=\"https:\/\/www.lasalle.edu.do\/portal\/wp-content\/uploads\/2025\/07\/Seccion-I-Nivel-Inicial-Pre-Kinder-RV.pdf\" target=\"_blank\" rel=\"noopener\">Pre-Kinder<\/a><\/li>\n<li><i class=\"sui sui-star\" style=\"color:#333\"><\/i> <img loading=\"lazy\" decoding=\"async\" class=\"alignright size-medium wp-image-6741\" src=\"http:\/\/www.lasalle.edu.do\/portal\/wp-content\/uploads\/2016\/05\/file_extension_pdf.ico\" alt=\"file_extension_pdf\" width=\"1\" height=\"1\" \/><a style=\"color: #014998; text-decoration: underline;\" href=\"https:\/\/www.lasalle.edu.do\/portal\/wp-content\/uploads\/2025\/07\/Seccion-I-Nivel-Inicial-Kinder-RV.pdf\" target=\"_blank\" rel=\"noopener\">Kinder<\/a><\/li>\n<li><i class=\"sui sui-star\" style=\"color:#333\"><\/i> <img loading=\"lazy\" decoding=\"async\" class=\"alignright size-medium wp-image-6741\" src=\"http:\/\/www.lasalle.edu.do\/portal\/wp-content\/uploads\/2016\/05\/file_extension_pdf.ico\" alt=\"file_extension_pdf\" width=\"1\" height=\"1\" \/><a style=\"color: #014998; text-decoration: underline;\" href=\"https:\/\/www.lasalle.edu.do\/portal\/wp-content\/uploads\/2025\/07\/Seccion-I-Nivel-Inicial-Pre-Primario-RV.pdf\" target=\"_blank\" rel=\"noopener\">Pre Primario<\/a><\/li>\n<\/ul>\n<\/div>\n<blockquote><p><strong>PRIMARIA &#8211; Secci\u00f3n I<\/strong><\/p><\/blockquote>\n<div class=\"su-list\" style=\"margin-left:0px\">\n<ul>\n<li><i class=\"sui sui-star\" style=\"color:#333\"><\/i> <img loading=\"lazy\" decoding=\"async\" class=\"alignright size-medium wp-image-6741\" src=\"http:\/\/www.lasalle.edu.do\/portal\/wp-content\/uploads\/2016\/05\/file_extension_pdf.ico\" alt=\"file_extension_pdf\" width=\"1\" height=\"1\" \/><a style=\"color: #014998; text-decoration: underline;\" href=\"https:\/\/www.lasalle.edu.do\/portal\/wp-content\/uploads\/2025\/07\/Seccion-I-Primero-de-Primaria-RV.pdf\" target=\"_blank\" rel=\"noopener\">1ro\u00a0de Primaria<\/a><\/li>\n<li><i class=\"sui sui-star\" style=\"color:#333\"><\/i> <img loading=\"lazy\" decoding=\"async\" class=\"alignright size-medium wp-image-6741\" src=\"http:\/\/www.lasalle.edu.do\/portal\/wp-content\/uploads\/2016\/05\/file_extension_pdf.ico\" alt=\"file_extension_pdf\" width=\"1\" height=\"1\" \/><a style=\"color: #014998; text-decoration: underline;\" href=\"https:\/\/www.lasalle.edu.do\/portal\/wp-content\/uploads\/2025\/07\/Seccion-I-Segundo-de-Primaria-RV.pdf\" target=\"_blank\" rel=\"noopener\">2do\u00a0de Primaria<\/a><\/li>\n<\/ul>\n<\/div>\n<blockquote><p><strong>PRIMARIA &#8211; Secci\u00f3n II<\/strong><\/p><\/blockquote>\n<div class=\"su-list\" style=\"margin-left:0px\">\n<ul>\n<li><i class=\"sui sui-star\" style=\"color:#333\"><\/i> <img loading=\"lazy\" decoding=\"async\" class=\"alignright size-medium wp-image-6741\" src=\"http:\/\/www.lasalle.edu.do\/portal\/wp-content\/uploads\/2016\/05\/file_extension_pdf.ico\" alt=\"file_extension_pdf\" width=\"1\" height=\"1\" \/><a style=\"color: #014998; text-decoration: underline;\" href=\"https:\/\/www.lasalle.edu.do\/portal\/wp-content\/uploads\/2025\/07\/Seccion-II-Tercero-de-Primaria-RV.pdf\" target=\"_blank\" rel=\"noopener\">3ro\u00a0de Primaria<\/a><\/li>\n<li><i class=\"sui sui-star\" style=\"color:#333\"><\/i> <img loading=\"lazy\" decoding=\"async\" class=\"alignright size-medium wp-image-6741\" src=\"http:\/\/www.lasalle.edu.do\/portal\/wp-content\/uploads\/2016\/05\/file_extension_pdf.ico\" alt=\"file_extension_pdf\" width=\"1\" height=\"1\" \/><a style=\"color: #014998; text-decoration: underline;\" href=\"https:\/\/www.lasalle.edu.do\/portal\/wp-content\/uploads\/2025\/07\/Seccion-II-Cuarto-de-Primaria-RV.pdf\" target=\"_blank\" rel=\"noopener\">4to\u00a0de Primaria<\/a><\/li>\n<li><i class=\"sui sui-star\" style=\"color:#333\"><\/i> <img loading=\"lazy\" decoding=\"async\" class=\"alignright size-medium wp-image-6741\" src=\"http:\/\/www.lasalle.edu.do\/portal\/wp-content\/uploads\/2016\/05\/file_extension_pdf.ico\" alt=\"file_extension_pdf\" width=\"1\" height=\"1\" \/><a style=\"color: #014998; text-decoration: underline;\" href=\"https:\/\/www.lasalle.edu.do\/portal\/wp-content\/uploads\/2025\/07\/Seccion-II-Quinto-de-Primaria-RV.pdf\" target=\"_blank\" rel=\"noopener\">5to\u00a0de Primaria<\/a><\/li>\n<li><i class=\"sui sui-star\" style=\"color:#333\"><\/i> <img loading=\"lazy\" decoding=\"async\" class=\"alignright size-medium wp-image-6741\" src=\"http:\/\/www.lasalle.edu.do\/portal\/wp-content\/uploads\/2016\/05\/file_extension_pdf.ico\" alt=\"file_extension_pdf\" width=\"1\" height=\"1\" \/><a style=\"color: #014998; text-decoration: underline;\" href=\"https:\/\/www.lasalle.edu.do\/portal\/wp-content\/uploads\/2025\/07\/Seccion-II-Sexto-de-Primaria-RV.pdf\" target=\"_blank\" rel=\"noopener\">6to\u00a0de Primaria<\/a><\/li>\n<\/ul>\n<\/div>\n<blockquote><p><strong>SECUNDARIA &#8211; Secci\u00f3n III<\/strong><\/p><\/blockquote>\n<div class=\"su-list\" style=\"margin-left:0px\">\n<ul>\n<li><i class=\"sui sui-star\" style=\"color:#333\"><\/i> <img loading=\"lazy\" decoding=\"async\" class=\"alignright size-medium wp-image-6741\" src=\"http:\/\/www.lasalle.edu.do\/portal\/wp-content\/uploads\/2016\/05\/file_extension_pdf.ico\" alt=\"file_extension_pdf\" width=\"1\" height=\"1\" \/><a style=\"color: #014998; text-decoration: underline;\" href=\"https:\/\/www.lasalle.edu.do\/portal\/wp-content\/uploads\/2025\/07\/Seccion-III-Primero-de-Secundaria-RV.pdf\">1ro\u00a0de Secundaria<\/a><\/li>\n<li><i class=\"sui sui-star\" style=\"color:#333\"><\/i> <img loading=\"lazy\" decoding=\"async\" class=\"alignright size-medium wp-image-6741\" src=\"http:\/\/www.lasalle.edu.do\/portal\/wp-content\/uploads\/2016\/05\/file_extension_pdf.ico\" alt=\"file_extension_pdf\" width=\"1\" height=\"1\" \/><a style=\"color: #014998; text-decoration: underline;\" href=\"https:\/\/www.lasalle.edu.do\/portal\/wp-content\/uploads\/2025\/07\/Seccion-III-Segundo-de-Secundaria-RV.pdf\">2do\u00a0de Secundaria<\/a><\/li>\n<li><i class=\"sui sui-star\" style=\"color:#333\"><\/i> <img loading=\"lazy\" decoding=\"async\" class=\"alignright size-medium wp-image-6741\" src=\"http:\/\/www.lasalle.edu.do\/portal\/wp-content\/uploads\/2016\/05\/file_extension_pdf.ico\" alt=\"file_extension_pdf\" width=\"1\" height=\"1\" \/><a style=\"color: #014998; text-decoration: underline;\" href=\"https:\/\/www.lasalle.edu.do\/portal\/wp-content\/uploads\/2025\/07\/Seccion-III-Tercero-de-Secundaria-RV.pdf\">3ro\u00a0de Secundaria<\/a><\/li>\n<\/ul>\n<\/div>\n<blockquote><p><strong>SECUNDARIA &#8211; Secci\u00f3n IV<\/strong><\/p><\/blockquote>\n<div class=\"su-list\" style=\"margin-left:0px\">\n<ul>\n<li><i class=\"sui sui-star\" style=\"color:#333\"><\/i> <img loading=\"lazy\" decoding=\"async\" class=\"alignright size-medium wp-image-6741\" src=\"http:\/\/www.lasalle.edu.do\/portal\/wp-content\/uploads\/2016\/05\/file_extension_pdf.ico\" alt=\"file_extension_pdf\" width=\"1\" height=\"1\" \/><a style=\"color: #014998; text-decoration: underline;\" href=\"https:\/\/www.lasalle.edu.do\/portal\/wp-content\/uploads\/2025\/07\/Seccion-IV-Cuarto-de-Secundaria-RV.pdf\">4to\u00a0de Secundaria<\/a><\/li>\n<li><i class=\"sui sui-star\" style=\"color:#333\"><\/i> <img loading=\"lazy\" decoding=\"async\" class=\"alignright size-medium wp-image-6741\" src=\"http:\/\/www.lasalle.edu.do\/portal\/wp-content\/uploads\/2016\/05\/file_extension_pdf.ico\" alt=\"file_extension_pdf\" width=\"1\" height=\"1\" \/><a style=\"color: #014998; text-decoration: underline;\" href=\"https:\/\/www.lasalle.edu.do\/portal\/wp-content\/uploads\/2025\/07\/Seccion-IV-Quinto-de-Secundaria-RV2.pdf\" target=\"_blank\" rel=\"noopener\">5to de\u00a0Secundaria<\/a><\/li>\n<li><i class=\"sui sui-star\" style=\"color:#333\"><\/i> <img loading=\"lazy\" decoding=\"async\" class=\"alignright size-medium wp-image-6741\" src=\"http:\/\/www.lasalle.edu.do\/portal\/wp-content\/uploads\/2016\/05\/file_extension_pdf.ico\" alt=\"file_extension_pdf\" width=\"1\" height=\"1\" \/><a style=\"color: #014998; text-decoration: underline;\" href=\"https:\/\/www.lasalle.edu.do\/portal\/wp-content\/uploads\/2025\/07\/Seccion-IV-Sexto-de-Secundaria-RV.pdf\" target=\"_blank\" rel=\"noopener\">6to\u00a0de Secundaria<\/a><\/li>\n<\/ul>\n<\/div>[\/vc_column_text][\/vc_column][\/vc_row]\n<\/div>","protected":false},"excerpt":{"rendered":"<p>[vc_row][vc_column][vc_column_text] DESCARGUE LOS DOCUMENTOS DEL CURSO DESEADO. \u00a0LISTADOS PUBLICADOS PARA EL A\u00d1O ESCOLAR 2025-2026. &nbsp; Nivel Inicial PRIMARIA &#8211; Secci\u00f3n I PRIMARIA &#8211; Secci\u00f3n II SECUNDARIA &#8211; Secci\u00f3n III SECUNDARIA &#8211; Secci\u00f3n IV [\/vc_column_text][\/vc_column][\/vc_row]<\/p>\n","protected":false},"author":4,"featured_media":0,"parent":0,"menu_order":0,"comment_status":"closed","ping_status":"closed","template":"","meta":{"footnotes":""},"class_list":["post-9284","page","type-page","status-publish","hentry"],"_links":{"self":[{"href":"https:\/\/www.lasalle.edu.do\/portal\/wp-json\/wp\/v2\/pages\/9284","targetHints":{"allow":["GET"]}}],"collection":[{"href":"https:\/\/www.lasalle.edu.do\/portal\/wp-json\/wp\/v2\/pages"}],"about":[{"href":"https:\/\/www.lasalle.edu.do\/portal\/wp-json\/wp\/v2\/types\/page"}],"author":[{"embeddable":true,"href":"https:\/\/www.lasalle.edu.do\/portal\/wp-json\/wp\/v2\/users\/4"}],"replies":[{"embeddable":true,"href":"https:\/\/www.lasalle.edu.do\/portal\/wp-json\/wp\/v2\/comments?post=9284"}],"version-history":[{"count":1,"href":"https:\/\/www.lasalle.edu.do\/portal\/wp-json\/wp\/v2\/pages\/9284\/revisions"}],"predecessor-version":[{"id":9285,"href":"https:\/\/www.lasalle.edu.do\/portal\/wp-json\/wp\/v2\/pages\/9284\/revisions\/9285"}],"wp:attachment":[{"href":"https:\/\/www.lasalle.edu.do\/portal\/wp-json\/wp\/v2\/media?parent=9284"}],"curies":[{"name":"wp","href":"https:\/\/api.w.org\/{rel}","templated":true}]}}