{"id":9238,"date":"2024-09-18T15:44:07","date_gmt":"2024-09-18T19:44:07","guid":{"rendered":"https:\/\/www.lasalle.edu.do\/portal\/?page_id=9238"},"modified":"2026-02-03T09:35:48","modified_gmt":"2026-02-03T13:35:48","slug":"inicio","status":"publish","type":"page","link":"https:\/\/www.lasalle.edu.do\/portal\/","title":{"rendered":"Inicio"},"content":{"rendered":"<div class=\"wpb-content-wrapper\">[vc_row equal_height=\u00bbyes\u00bb css=\u00bb.vc_custom_1475516169800{border-bottom-width: 0px !important;border-bottom-color: #969696 !important;border-bottom-style: solid !important;}\u00bb][vc_column width=\u00bb2\/3&#8243;][vc_basic_grid post_type=\u00bbpost\u00bb max_items=\u00bb4&#8243; element_width=\u00bb6&#8243; item=\u00bb5912&#8243; css=\u00bb.vc_custom_1530231650135{margin-top: 1px !important;margin-right: 1px !important;margin-bottom: 1px !important;margin-left: 1px !important;}\u00bb grid_id=\u00bbvc_gid:1770125685404-4ba0bf86-bae9-2&#8243; taxonomies=\u00bb165&#8243;][\/vc_column][vc_column width=\u00bb1\/3&#8243;][vc_single_image image=\u00bb9282&#8243; img_size=\u00bb333&#215;155&#8243; onclick=\u00bbcustom_link\u00bb img_link_target=\u00bb_blank\u00bb css=\u00bb\u00bb link=\u00bbhttps:\/\/dls.gsedom.com\/2\/public\/admission\u00bb][vc_single_image image=\u00bb9286&#8243; img_size=\u00bb333&#215;155&#8243; onclick=\u00bbcustom_link\u00bb img_link_target=\u00bb_blank\u00bb css=\u00bb\u00bb link=\u00bbhttps:\/\/www.lasalle.edu.do\/portal\/lista-de-libros-y-materiales-2025-2026\/\u00bb][vc_single_image image=\u00bb9276&#8243; img_size=\u00bb333&#215;155&#8243; onclick=\u00bbcustom_link\u00bb css=\u00bb\u00bb link=\u00bbhttps:\/\/www.lasalle.edu.do\/portal\/tarifas-para-el-ano-escolar-2025-2026\/\u00bb][vc_single_image image=\u00bb8098&#8243; img_size=\u00bb333&#215;100&#8243; onclick=\u00bbcustom_link\u00bb css=\u00bb\u00bb link=\u00bbhttps:\/\/www.instagram.com\/edusparksrl\/\u00bb][vc_video link=\u00bbhttps:\/\/www.youtube.com\/watch?v=DMYAAX8LWfs\u00bb title=\u00bbUn Coraz\u00f3n, Un Compromiso, Una Vida | Canci\u00f3n #300LaSalle\u00bb][vc_widget_sidebar sidebar_id=\u00bbcs-1&#8243;][\/vc_column][\/vc_row][vc_row el_class=\u00bbhighlight-row\u00bb][vc_column width=\u00bb5\/6&#8243;][vc_column_text]\n<h2 style=\"text-align: left;\"><em><span style=\"color: white;\">Completa nuestro\u00a0<a style=\"color: #cc113b;\" href=\"https:\/\/dls.gsedom.com\/2\/public\/admission\">Formulario de Admisi\u00f3n<\/a> y s\u00e9 parte de <a style=\"color: #cc113b;\" href=\"http:\/\/lasalle.do\/admisiononline\">nuestra familia<\/a> <\/span><\/em><\/h2>\n[\/vc_column_text][\/vc_column][vc_column width=\u00bb1\/6&#8243; el_class=\u00bbhighlight-button\u00bb][vc_column_text css=\u00bb\u00bb]\n<div style=\"text-align: right;\"><a href=\"https:\/\/dls.gsedom.com\/2\/public\/admission\" class=\"su-button su-button-style-default\" style=\"color:#fff;background-color:#CC113B;border-color:#a40e30;border-radius:4px\" target=\"_self\"><span style=\"color:#fff;padding:0px 14px;font-size:12px;line-height:24px;border-color:#dc5976;border-radius:4px;text-shadow:none\"> Ir al formulario<\/span><\/a><\/div>\n[\/vc_column_text][\/vc_column][\/vc_row][vc_row][vc_column width=\u00bb1\/4&#8243; el_class=\u00bbfeatured\u00bb][vc_single_image image=\u00bb8932&#8243; img_size=\u00bbfull\u00bb onclick=\u00bbcustom_link\u00bb link=\u00bbhttp:\/\/lasalle.edu.do\/portal\/procedimientos\/\u00bb][\/vc_column][vc_column width=\u00bb1\/4&#8243;][vc_single_image image=\u00bb8928&#8243; img_size=\u00bbfull\u00bb onclick=\u00bbcustom_link\u00bb link=\u00bbhttp:\/\/lasalle.edu.do\/portal\/oferta-educativa\/\u00bb][\/vc_column][vc_column width=\u00bb1\/4&#8243;][vc_single_image image=\u00bb8930&#8243; img_size=\u00bbfull\u00bb onclick=\u00bbcustom_link\u00bb link=\u00bbhttps:\/\/www.lasalle.edu.do\/portal\/tarifas-para-el-ano-escolar-2021-2022\/\u00bb][\/vc_column][vc_column width=\u00bb1\/4&#8243;][vc_single_image image=\u00bb8931&#8243; img_size=\u00bbfull\u00bb onclick=\u00bbcustom_link\u00bb link=\u00bbhttps:\/\/www.lasalle.edu.do\/portal\/wp-content\/uploads\/2019\/08\/CDDLS_Programa_Vespertino_Poster-11&#215;17-pulgadas.pdf\u00bb][\/vc_column][\/vc_row][vc_row][vc_column][vc_tabs interval=\u00bb0&#8243; el_class=\u00bbvideoleft-textright\u00bb][vc_tab title=\u00bbLa Salle\u00bb tab_id=\u00bb1378873692534-0-9&#8243;][vc_row_inner][vc_column_inner width=\u00bb1\/3&#8243;][vc_single_image image=\u00bb6354&#8243; img_size=\u00bb339&#215;300&#8243;][vc_column_text el_class=\u00bbtext-over-dark-blue\u00bb]\n<h2><a href=\"..\/\">Misi\u00f3n<\/a><\/h2>\n<p>Educar a ni\u00f1os, ni\u00f1as y j\u00f3venes para que logren su desarrollo integral en las dimensiones individual, social y trascendente, que les facilite una inserci\u00f3n cr\u00edtica, creativa y eficiente en la sociedad.[\/vc_column_text][\/vc_column_inner][vc_column_inner width=\u00bb1\/3&#8243;][vc_single_image image=\u00bb6353&#8243; img_size=\u00bb339&#215;300&#8243;][vc_column_text el_class=\u00bbtext-over-dark-blue\u00bb]\n<h2><a href=\"..\/\">Visi\u00f3n<\/a><\/h2>\n<p>Ser un centro educativo reconocido por la calidad y la innovaci\u00f3n en sus estrategias pedag\u00f3gicas, el desarrollo integral de sus estudiantes y las competencias de su personal docente.[\/vc_column_text][\/vc_column_inner][vc_column_inner width=\u00bb1\/3&#8243;][vc_single_image image=\u00bb6355&#8243; img_size=\u00bb339&#215;300&#8243;][vc_column_text el_class=\u00bbtext-over-dark-blue\u00bb]\n<h2><a href=\"..\/\">Valores<\/a><\/h2>\n<p>Respeto a la persona humana,\u00a0Amor a Dios y a la Patria,\u00a0Educaci\u00f3n de calidad,\u00a0Educaci\u00f3n en la libertad,\u00a0Educaci\u00f3n para la solidaridad.[\/vc_column_text][\/vc_column_inner][\/vc_row_inner][\/vc_tab][vc_tab title=\u00bbGesti\u00f3n\u00bb tab_id=\u00bb1378875435675-3-0&#8243;][vc_row_inner][vc_column_inner width=\u00bb1\/2&#8243;][vc_single_image image=\u00bb6517&#8243; img_size=\u00bb520&#215;378&#8243;][\/vc_column_inner][vc_column_inner width=\u00bb1\/2&#8243;][vc_column_text el_class=\u00bbtext-over-dark-blue\u00bb]\n<h2>Consejos\u00a0de Gesti\u00f3n<\/h2>\n<hr \/>\n<p>La gesti\u00f3n del Colegio Dominicano De La Salle esta regida por dos entidades complementarias entre si: El Consejo de Direcci\u00f3n y el Consejo Acad\u00e9mico. En estos participan miembros de la comunidad acad\u00e9mica y administrativa de nuestra instituci\u00f3n..[\/vc_column_text][\/vc_column_inner][\/vc_row_inner][\/vc_tab][vc_tab title=\u00bbPlanta f\u00edsica\u00bb tab_id=\u00bb1378873692002-0-10&#8243;][vc_row_inner][vc_column_inner width=\u00bb1\/2&#8243;][vc_single_image image=\u00bb6520&#8243; img_size=\u00bb520&#215;370&#8243;][\/vc_column_inner][vc_column_inner width=\u00bb1\/2&#8243;][vc_column_text el_class=\u00bbtext-over-dark-blue\u00bb]\n<h2><a href=\"..\/\">Horarios<\/a><\/h2>\n<hr \/>\n<p>Las faciliades del Colegio Dominicano De La Salle se encuentran disponibles para todos los miembros de la familia lasallista de lunes a viernes en horario de 7:00AM a 8:30PM. Para horarios en fines de semana y dias feriados, por favor dir\u00edjase a la secci\u00f3n de facilidades deportivas y servicios.[\/vc_column_text][vc_column_text el_class=\u00bbtext-over-dark-blue\u00bb]\n<h2><a href=\"..\/\">En un vistazo<\/a><\/h2>\n<hr \/>\n<p>M\u00e1s de 15 mil metros cuadrados comprenden el espacio dedicado para el proyecto educativo del Colegio Dominicano De La Salle. Edificaciones docentes, administrativa, laboratorios, instalaciones\u00a0deportivas, capillas, teatros, areas de recraci\u00f3n, parqueos para vehiculos, y muchas otras facilidades.[\/vc_column_text][vc_column_text el_class=\u00bbtext-over-dark-blue\u00bb]\n<h2><a href=\"..\/\">Seguridad<\/a><\/h2>\n<hr \/>\n<p>La seguridad juega un papel fundametal en el proyecto educativo del Colegio Dominicano De La Salle. Contamos con verjas perimetrales, vigilancia electr\u00f3nica, c\u00e1maras de circuito cerrado, vigilantes, garitas en los puntos \u00a0de entrada y salida, controles de acceso, entre otros.[\/vc_column_text][\/vc_column_inner][\/vc_row_inner][\/vc_tab][vc_tab title=\u00bbPadres\u00bb tab_id=\u00bb1378876827621-4-10&#8243;][vc_row_inner][vc_column_inner width=\u00bb1\/2&#8243;][vc_single_image image=\u00bb6518&#8243; img_size=\u00bb520&#215;378&#8243;][\/vc_column_inner][vc_column_inner width=\u00bb1\/2&#8243;][vc_column_text el_class=\u00bbtext-over-dark-blue\u00bb]\n<h2><a href=\"..\/\">APASALLE<\/a><\/h2>\n<hr \/>\n<p>La asociaci\u00f3n de padres y madres\u00a0acompa\u00f1a al Colegio Dominicano de la Salle en el proceso educativo de nuestros hijos e hijas para alcanzar una educaci\u00f3n integral basada en los principios lasallistas. <a href=\"http:\/\/lasalle.edu.do\/portal\/apasalle\/\">Siga este enlace para conocer m\u00e1s sobre las funciones y actividades de este organismo.<\/a><\/p>\n<h2><a href=\"..\/\">Escuela de padres<\/a><\/h2>\n<hr \/>\n<p>La responsabilidad de formar seres integrales es una de las principales preocupaciones de los Colegios De La Salle. Por este motivo se ha buscado conjuntamente con los padres de familia, el darnos a la tarea de contrarrestar las posibles influencias negativas de los diferentes medios y convertirlas en acciones positivas que encaminen y gu\u00eden a nuestros alumnos.[\/vc_column_text][\/vc_column_inner][\/vc_row_inner][\/vc_tab][vc_tab title=\u00bbEgresados\u00bb tab_id=\u00bb1379454237863-5-9&#8243;][vc_row_inner][vc_column_inner width=\u00bb1\/2&#8243;][vc_single_image image=\u00bb6227&#8243; img_size=\u00bb520&#215;378&#8243;][\/vc_column_inner][vc_column_inner width=\u00bb1\/2&#8243;][vc_column_text el_class=\u00bbtext-over-dark-blue\u00bb]\n<h2>Ex-Alumnos del Colegio<\/h2>\n<hr \/>\n<p>Para el Colegio Dominicano De La Salle, es muy importante contar con la comunicaci\u00f3n y participaci\u00f3n de sus Egresados. Por ello, hemos destinado toda una area de nuestro portal web, para desarrollar actividades permanentes de renovacion, fomento y fortalecimiento de la identificaci\u00f3n de la comunidad de ex-alumnos con nuestro Colegio.<\/p>\n<h2><\/h2>\n[\/vc_column_text][\/vc_column_inner][\/vc_row_inner][\/vc_tab][vc_tab title=\u00bbServicios\u00bb tab_id=\u00bb1379454684035-5-10&#8243;][vc_row_inner][vc_column_inner width=\u00bb1\/2&#8243;][vc_single_image image=\u00bb6363&#8243; img_size=\u00bb520&#215;378&#8243;][\/vc_column_inner][vc_column_inner width=\u00bb1\/2&#8243;][vc_column_text el_class=\u00bbtext-over-dark-blue\u00bb]\n<h2>Recursos disponibles<\/h2>\n<hr \/>\n<p>El Colegio Dominicano De La Salle pone toda su infraestructura al servicio de la familia lasallista y la comunidad dominicana. Salas de reuniones y actividades, facilidades deportivas, aulas especializadas, salones de actos, entre otros m\u00e1s.Si desea conocer y visitar nuestros salones, solicitar reservaciones o cotizaciones, llame a nuestro Departamento de Administraci\u00f3n, al tel\u00e9fono 809-689-0111 ext. 224 o 225, o env\u00edenos un mensaje a trav\u00e9s de nuestro <a href=\"http:\/\/lasalle.edu.do\/portal\/contact-us\/\">formulario de contacto<\/a>.<\/p>\n<h2><\/h2>\n[\/vc_column_text][\/vc_column_inner][\/vc_row_inner][\/vc_tab][vc_tab title=\u00bbDeportes\u00bb tab_id=\u00bb1462658616137-7-6&#8243;][vc_row_inner][vc_column_inner width=\u00bb1\/2&#8243;][vc_single_image image=\u00bb6531&#8243; img_size=\u00bb520&#215;378&#8243;][\/vc_column_inner][vc_column_inner width=\u00bb1\/2&#8243;][vc_column_text el_class=\u00bbtext-over-dark-blue\u00bb]\n<h2>La Salle en los Deportes<\/h2>\n<hr \/>\n<p>Nuestra instituci\u00f3n acad\u00e9mica ofrece como carga curricular en el \u00e1rea de deporte en las siguientes disciplinas: beisbol, baloncesto, volibol, atletismo, ping pong o tenis de mesa, f\u00fatbol (soccer) y f\u00fatbol sala, ajedrez y juego de damas o tablero. De cada deporte se organizan torneos intramuros de los que salen las selecciones representativas para competencias interescolares.<\/p>\n<p>Por las tardes, funciona otra modalidad deportiva, adem\u00e1s de la curricular, para aquellos que quieran profundizar en el dominio de un deporte en espec\u00edfico en las llamadas escuelas de deporte.<\/p>\n<h2><\/h2>\n[\/vc_column_text][\/vc_column_inner][\/vc_row_inner][\/vc_tab][\/vc_tabs][\/vc_column][\/vc_row]\n<\/div>","protected":false},"excerpt":{"rendered":"<p>[vc_row equal_height=\u00bbyes\u00bb css=\u00bb.vc_custom_1475516169800{border-bottom-width: 0px !important;border-bottom-color: #969696 !important;border-bottom-style: solid !important;}\u00bb][vc_column width=\u00bb2\/3&#8243;][vc_basic_grid post_type=\u00bbpost\u00bb max_items=\u00bb4&#8243; element_width=\u00bb6&#8243; item=\u00bb5912&#8243; css=\u00bb.vc_custom_1530231650135{margin-top: 1px !important;margin-right: 1px !important;margin-bottom: 1px !important;margin-left: 1px !important;}\u00bb grid_id=\u00bbvc_gid:1770125685404-4ba0bf86-bae9-2&#8243; taxonomies=\u00bb165&#8243;][\/vc_column][vc_column width=\u00bb1\/3&#8243;][vc_single_image image=\u00bb9282&#8243; img_size=\u00bb333&#215;155&#8243; onclick=\u00bbcustom_link\u00bb img_link_target=\u00bb_blank\u00bb css=\u00bb\u00bb link=\u00bbhttps:\/\/dls.gsedom.com\/2\/public\/admission\u00bb][vc_single_image image=\u00bb9286&#8243; img_size=\u00bb333&#215;155&#8243; onclick=\u00bbcustom_link\u00bb img_link_target=\u00bb_blank\u00bb css=\u00bb\u00bb link=\u00bbhttps:\/\/www.lasalle.edu.do\/portal\/lista-de-libros-y-materiales-2025-2026\/\u00bb][vc_single_image image=\u00bb9276&#8243; img_size=\u00bb333&#215;155&#8243; onclick=\u00bbcustom_link\u00bb css=\u00bb\u00bb link=\u00bbhttps:\/\/www.lasalle.edu.do\/portal\/tarifas-para-el-ano-escolar-2025-2026\/\u00bb][vc_single_image image=\u00bb8098&#8243; img_size=\u00bb333&#215;100&#8243; onclick=\u00bbcustom_link\u00bb css=\u00bb\u00bb link=\u00bbhttps:\/\/www.instagram.com\/edusparksrl\/\u00bb][vc_video link=\u00bbhttps:\/\/www.youtube.com\/watch?v=DMYAAX8LWfs\u00bb title=\u00bbUn Coraz\u00f3n, Un Compromiso, Una Vida [&hellip;]<\/p>\n","protected":false},"author":6,"featured_media":0,"parent":0,"menu_order":0,"comment_status":"closed","ping_status":"closed","template":"","meta":{"footnotes":""},"class_list":["post-9238","page","type-page","status-publish","hentry"],"_links":{"self":[{"href":"https:\/\/www.lasalle.edu.do\/portal\/wp-json\/wp\/v2\/pages\/9238","targetHints":{"allow":["GET"]}}],"collection":[{"href":"https:\/\/www.lasalle.edu.do\/portal\/wp-json\/wp\/v2\/pages"}],"about":[{"href":"https:\/\/www.lasalle.edu.do\/portal\/wp-json\/wp\/v2\/types\/page"}],"author":[{"embeddable":true,"href":"https:\/\/www.lasalle.edu.do\/portal\/wp-json\/wp\/v2\/users\/6"}],"replies":[{"embeddable":true,"href":"https:\/\/www.lasalle.edu.do\/portal\/wp-json\/wp\/v2\/comments?post=9238"}],"version-history":[{"count":7,"href":"https:\/\/www.lasalle.edu.do\/portal\/wp-json\/wp\/v2\/pages\/9238\/revisions"}],"predecessor-version":[{"id":9287,"href":"https:\/\/www.lasalle.edu.do\/portal\/wp-json\/wp\/v2\/pages\/9238\/revisions\/9287"}],"wp:attachment":[{"href":"https:\/\/www.lasalle.edu.do\/portal\/wp-json\/wp\/v2\/media?parent=9238"}],"curies":[{"name":"wp","href":"https:\/\/api.w.org\/{rel}","templated":true}]}}