{"id":9168,"date":"2024-07-09T11:52:28","date_gmt":"2024-07-09T15:52:28","guid":{"rendered":"https:\/\/www.lasalle.edu.do\/portal\/?page_id=9168"},"modified":"2024-07-25T12:35:12","modified_gmt":"2024-07-25T16:35:12","slug":"lista-de-libros-y-materiales-2024-2025","status":"publish","type":"page","link":"https:\/\/www.lasalle.edu.do\/portal\/lista-de-libros-y-materiales-2024-2025\/","title":{"rendered":"Lista de Libros y Materiales 2024-2025"},"content":{"rendered":"<div class=\"wpb-content-wrapper\">[vc_row][vc_column][vc_column_text]\n<p style=\"text-align: center;\"><strong>DESCARGUE LOS DOCUMENTOS DEL CURSO DESEADO. \u00a0LISTADOS PUBLICADOS PARA EL A\u00d1O ESCOLAR 2023-2024.<\/strong><\/p>\n<p>&nbsp;<\/p>\n<blockquote><p><strong>Nivel Inicial<\/strong><\/p><\/blockquote>\n<div class=\"su-list\" style=\"margin-left:0px\">\n<ul>\n<li><i class=\"sui sui-star\" style=\"color:#333\"><\/i> <img loading=\"lazy\" decoding=\"async\" class=\"alignright size-medium wp-image-6741\" style=\"color: #014998; text-decoration: underline;\" src=\"http:\/\/www.lasalle.edu.do\/portal\/wp-content\/uploads\/2016\/05\/file_extension_pdf.ico\" alt=\"file_extension_pdf\" width=\"1\" height=\"1\" \/><a style=\"color: #014998; text-decoration: underline;\" href=\"https:\/\/www.lasalle.edu.do\/portal\/wp-content\/uploads\/2024\/07\/cddls-lista-libros-materiales-2024-2025-estrellitas.pdf\" target=\"_blank\" rel=\"noopener\">Estrellitas<\/a><\/li>\n<li><i class=\"sui sui-star\" style=\"color:#333\"><\/i> <img loading=\"lazy\" decoding=\"async\" class=\"alignright size-medium wp-image-6741\" style=\"color: #014998; text-decoration: underline;\" src=\"http:\/\/www.lasalle.edu.do\/portal\/wp-content\/uploads\/2016\/05\/file_extension_pdf.ico\" alt=\"file_extension_pdf\" width=\"1\" height=\"1\" \/><a style=\"color: #014998; text-decoration: underline;\" href=\"https:\/\/www.lasalle.edu.do\/portal\/wp-content\/uploads\/2024\/07\/cddls-lista-libros-materiales-2024-2025-pre-kinder.pdf\" target=\"_blank\" rel=\"noopener\">Pre-Kinder<\/a><\/li>\n<li><i class=\"sui sui-star\" style=\"color:#333\"><\/i> <img loading=\"lazy\" decoding=\"async\" class=\"alignright size-medium wp-image-6741\" src=\"http:\/\/www.lasalle.edu.do\/portal\/wp-content\/uploads\/2016\/05\/file_extension_pdf.ico\" alt=\"file_extension_pdf\" width=\"1\" height=\"1\" \/><a style=\"color: #014998; text-decoration: underline;\" href=\"https:\/\/www.lasalle.edu.do\/portal\/wp-content\/uploads\/2024\/07\/cddls-lista-libros-materiales-2024-2025-kinder.pdf\" target=\"_blank\" rel=\"noopener\">Kinder<\/a><\/li>\n<li><i class=\"sui sui-star\" style=\"color:#333\"><\/i> <img loading=\"lazy\" decoding=\"async\" class=\"alignright size-medium wp-image-6741\" src=\"http:\/\/www.lasalle.edu.do\/portal\/wp-content\/uploads\/2016\/05\/file_extension_pdf.ico\" alt=\"file_extension_pdf\" width=\"1\" height=\"1\" \/><a style=\"color: #014998; text-decoration: underline;\" href=\"https:\/\/www.lasalle.edu.do\/portal\/wp-content\/uploads\/2024\/07\/cddls-lista-libros-materiales-2024-2025-pre-primario.pdf\" target=\"_blank\" rel=\"noopener\">Pre Primario<\/a><\/li>\n<\/ul>\n<\/div>\n<blockquote><p><strong>PRIMARIA &#8211; Secci\u00f3n I<\/strong><\/p><\/blockquote>\n<div class=\"su-list\" style=\"margin-left:0px\">\n<ul>\n<li><i class=\"sui sui-star\" style=\"color:#333\"><\/i> <img loading=\"lazy\" decoding=\"async\" class=\"alignright size-medium wp-image-6741\" src=\"http:\/\/www.lasalle.edu.do\/portal\/wp-content\/uploads\/2016\/05\/file_extension_pdf.ico\" alt=\"file_extension_pdf\" width=\"1\" height=\"1\" \/><a style=\"color: #014998; text-decoration: underline;\" href=\"https:\/\/www.lasalle.edu.do\/portal\/wp-content\/uploads\/2024\/07\/cddls-lista-libros-materiales-2024-2025-primero-primaria.pdf\" target=\"_blank\" rel=\"noopener\">1ro\u00a0de Primaria<\/a><\/li>\n<li><i class=\"sui sui-star\" style=\"color:#333\"><\/i> <img loading=\"lazy\" decoding=\"async\" class=\"alignright size-medium wp-image-6741\" src=\"http:\/\/www.lasalle.edu.do\/portal\/wp-content\/uploads\/2016\/05\/file_extension_pdf.ico\" alt=\"file_extension_pdf\" width=\"1\" height=\"1\" \/><a style=\"color: #014998; text-decoration: underline;\" href=\"https:\/\/www.lasalle.edu.do\/portal\/wp-content\/uploads\/2024\/07\/cddls-lista-libros-materiales-2024-2025-segundo-primaria.pdf\" target=\"_blank\" rel=\"noopener\">2do\u00a0de Primaria<\/a><\/li>\n<\/ul>\n<\/div>\n<blockquote><p><strong>PRIMARIA &#8211; Secci\u00f3n II<\/strong><\/p><\/blockquote>\n<div class=\"su-list\" style=\"margin-left:0px\">\n<ul>\n<li><i class=\"sui sui-star\" style=\"color:#333\"><\/i> <img loading=\"lazy\" decoding=\"async\" class=\"alignright size-medium wp-image-6741\" src=\"http:\/\/www.lasalle.edu.do\/portal\/wp-content\/uploads\/2016\/05\/file_extension_pdf.ico\" alt=\"file_extension_pdf\" width=\"1\" height=\"1\" \/><a style=\"color: #014998; text-decoration: underline;\" href=\"https:\/\/www.lasalle.edu.do\/portal\/wp-content\/uploads\/2024\/07\/cddls-lista-libros-materiales-2024-2025-tercero-primaria.pdf\" target=\"_blank\" rel=\"noopener\">3ro\u00a0de Primaria<\/a><\/li>\n<li><i class=\"sui sui-star\" style=\"color:#333\"><\/i> <img loading=\"lazy\" decoding=\"async\" class=\"alignright size-medium wp-image-6741\" src=\"http:\/\/www.lasalle.edu.do\/portal\/wp-content\/uploads\/2016\/05\/file_extension_pdf.ico\" alt=\"file_extension_pdf\" width=\"1\" height=\"1\" \/><a style=\"color: #014998; text-decoration: underline;\" href=\"https:\/\/www.lasalle.edu.do\/portal\/wp-content\/uploads\/2024\/07\/cddls-lista-libros-materiales-2024-2025-cuarto-primaria.pdf\" target=\"_blank\" rel=\"noopener\">4to\u00a0de Primaria<\/a><\/li>\n<li><i class=\"sui sui-star\" style=\"color:#333\"><\/i> <img loading=\"lazy\" decoding=\"async\" class=\"alignright size-medium wp-image-6741\" src=\"http:\/\/www.lasalle.edu.do\/portal\/wp-content\/uploads\/2016\/05\/file_extension_pdf.ico\" alt=\"file_extension_pdf\" width=\"1\" height=\"1\" \/><a style=\"color: #014998; text-decoration: underline;\" href=\"https:\/\/www.lasalle.edu.do\/portal\/wp-content\/uploads\/2024\/07\/cddls-lista-libros-materiales-2024-2025-quinto-primaria.pdf\" target=\"_blank\" rel=\"noopener\">5to\u00a0de Primaria<\/a><\/li>\n<li><i class=\"sui sui-star\" style=\"color:#333\"><\/i> <img loading=\"lazy\" decoding=\"async\" class=\"alignright size-medium wp-image-6741\" src=\"http:\/\/www.lasalle.edu.do\/portal\/wp-content\/uploads\/2016\/05\/file_extension_pdf.ico\" alt=\"file_extension_pdf\" width=\"1\" height=\"1\" \/><a style=\"color: #014998; text-decoration: underline;\" href=\"https:\/\/www.lasalle.edu.do\/portal\/wp-content\/uploads\/2024\/07\/cddls-lista-libros-materiales-2024-2025-sexto-primaria.pdf\" target=\"_blank\" rel=\"noopener\">6to\u00a0de Primaria<\/a><\/li>\n<\/ul>\n<\/div>\n<blockquote><p><strong>SECUNDARIA &#8211; Secci\u00f3n III<\/strong><\/p><\/blockquote>\n<div class=\"su-list\" style=\"margin-left:0px\">\n<ul>\n<li><i class=\"sui sui-star\" style=\"color:#333\"><\/i> <img loading=\"lazy\" decoding=\"async\" class=\"alignright size-medium wp-image-6741\" src=\"http:\/\/www.lasalle.edu.do\/portal\/wp-content\/uploads\/2016\/05\/file_extension_pdf.ico\" alt=\"file_extension_pdf\" width=\"1\" height=\"1\" \/><a style=\"color: #014998; text-decoration: underline;\" href=\"https:\/\/www.lasalle.edu.do\/portal\/wp-content\/uploads\/2024\/07\/cddls-lista-libros-materiales-2024-2025-primero-secundaria.pdf\">1ro\u00a0de Secundaria<\/a><\/li>\n<li><i class=\"sui sui-star\" style=\"color:#333\"><\/i> <img loading=\"lazy\" decoding=\"async\" class=\"alignright size-medium wp-image-6741\" src=\"http:\/\/www.lasalle.edu.do\/portal\/wp-content\/uploads\/2016\/05\/file_extension_pdf.ico\" alt=\"file_extension_pdf\" width=\"1\" height=\"1\" \/><a style=\"color: #014998; text-decoration: underline;\" href=\"https:\/\/www.lasalle.edu.do\/portal\/wp-content\/uploads\/2024\/07\/cddls-lista-libros-materiales-2024-2025-segundo-secundaria.pdf\">2do\u00a0de Secundaria<\/a><\/li>\n<li><i class=\"sui sui-star\" style=\"color:#333\"><\/i> <img loading=\"lazy\" decoding=\"async\" class=\"alignright size-medium wp-image-6741\" src=\"http:\/\/www.lasalle.edu.do\/portal\/wp-content\/uploads\/2016\/05\/file_extension_pdf.ico\" alt=\"file_extension_pdf\" width=\"1\" height=\"1\" \/><a style=\"color: #014998; text-decoration: underline;\" href=\"https:\/\/www.lasalle.edu.do\/portal\/wp-content\/uploads\/2024\/07\/cddls-lista-libros-materiales-2024-2025-tercero-secundaria.pdf\">3ro\u00a0de Secundaria<\/a><\/li>\n<\/ul>\n<\/div>\n<blockquote><p><strong>SECUNDARIA &#8211; Secci\u00f3n IV<\/strong><\/p><\/blockquote>\n<div class=\"su-list\" style=\"margin-left:0px\">\n<ul>\n<li><i class=\"sui sui-star\" style=\"color:#333\"><\/i> <img loading=\"lazy\" decoding=\"async\" class=\"alignright size-medium wp-image-6741\" src=\"http:\/\/www.lasalle.edu.do\/portal\/wp-content\/uploads\/2016\/05\/file_extension_pdf.ico\" alt=\"file_extension_pdf\" width=\"1\" height=\"1\" \/><a style=\"color: #014998; text-decoration: underline;\" href=\"https:\/\/www.lasalle.edu.do\/portal\/wp-content\/uploads\/2024\/07\/cddls-lista-libros-materiales-2024-2025-cuarto-secundaria-1.pdf\">4to\u00a0de Secundaria<\/a><\/li>\n<li><i class=\"sui sui-star\" style=\"color:#333\"><\/i> <img loading=\"lazy\" decoding=\"async\" class=\"alignright size-medium wp-image-6741\" src=\"http:\/\/www.lasalle.edu.do\/portal\/wp-content\/uploads\/2016\/05\/file_extension_pdf.ico\" alt=\"file_extension_pdf\" width=\"1\" height=\"1\" \/><a style=\"color: #014998; text-decoration: underline;\" href=\"https:\/\/www.lasalle.edu.do\/portal\/wp-content\/uploads\/2024\/07\/cddls-lista-libros-materiales-2024-2025-quinto-secundaria.pdf\" target=\"_blank\" rel=\"noopener\">5to de\u00a0Secundaria<\/a><\/li>\n<li><i class=\"sui sui-star\" style=\"color:#333\"><\/i> <img loading=\"lazy\" decoding=\"async\" class=\"alignright size-medium wp-image-6741\" src=\"http:\/\/www.lasalle.edu.do\/portal\/wp-content\/uploads\/2016\/05\/file_extension_pdf.ico\" alt=\"file_extension_pdf\" width=\"1\" height=\"1\" \/><a style=\"color: #014998; text-decoration: underline;\" href=\"https:\/\/www.lasalle.edu.do\/portal\/wp-content\/uploads\/2024\/07\/cddls-lista-libros-materiales-2024-2025-sexto-secundaria-1.pdf\" target=\"_blank\" rel=\"noopener\">6to\u00a0de Secundaria<\/a><\/li>\n<\/ul>\n<\/div>[\/vc_column_text][\/vc_column][\/vc_row]\n<\/div>","protected":false},"excerpt":{"rendered":"<p>[vc_row][vc_column][vc_column_text] DESCARGUE LOS DOCUMENTOS DEL CURSO DESEADO. \u00a0LISTADOS PUBLICADOS PARA EL A\u00d1O ESCOLAR 2023-2024. &nbsp; Nivel Inicial PRIMARIA &#8211; Secci\u00f3n I PRIMARIA &#8211; Secci\u00f3n II SECUNDARIA &#8211; Secci\u00f3n III SECUNDARIA &#8211; Secci\u00f3n IV [\/vc_column_text][\/vc_column][\/vc_row]<\/p>\n","protected":false},"author":4,"featured_media":0,"parent":0,"menu_order":0,"comment_status":"closed","ping_status":"closed","template":"","meta":{"footnotes":""},"class_list":["post-9168","page","type-page","status-publish","hentry"],"_links":{"self":[{"href":"https:\/\/www.lasalle.edu.do\/portal\/wp-json\/wp\/v2\/pages\/9168","targetHints":{"allow":["GET"]}}],"collection":[{"href":"https:\/\/www.lasalle.edu.do\/portal\/wp-json\/wp\/v2\/pages"}],"about":[{"href":"https:\/\/www.lasalle.edu.do\/portal\/wp-json\/wp\/v2\/types\/page"}],"author":[{"embeddable":true,"href":"https:\/\/www.lasalle.edu.do\/portal\/wp-json\/wp\/v2\/users\/4"}],"replies":[{"embeddable":true,"href":"https:\/\/www.lasalle.edu.do\/portal\/wp-json\/wp\/v2\/comments?post=9168"}],"version-history":[{"count":5,"href":"https:\/\/www.lasalle.edu.do\/portal\/wp-json\/wp\/v2\/pages\/9168\/revisions"}],"predecessor-version":[{"id":9205,"href":"https:\/\/www.lasalle.edu.do\/portal\/wp-json\/wp\/v2\/pages\/9168\/revisions\/9205"}],"wp:attachment":[{"href":"https:\/\/www.lasalle.edu.do\/portal\/wp-json\/wp\/v2\/media?parent=9168"}],"curies":[{"name":"wp","href":"https:\/\/api.w.org\/{rel}","templated":true}]}}