{"id":6580,"date":"2016-05-08T01:55:05","date_gmt":"2016-05-08T01:55:05","guid":{"rendered":"http:\/\/lasalle.edu.do\/portal\/?page_id=6580"},"modified":"2019-10-28T12:17:30","modified_gmt":"2019-10-28T16:17:30","slug":"directorio-telefonico","status":"publish","type":"page","link":"https:\/\/www.lasalle.edu.do\/portal\/directorio-telefonico\/","title":{"rendered":"Directorio Telef\u00f3nico"},"content":{"rendered":"<blockquote><p><strong>Contactos telef\u00f3nicos del Colegio Dominicano De La Salle<\/strong><\/p><\/blockquote>\n<p>Central telef\u00f3nica (809) 689-0111 (Salto Autom\u00e1tico)<\/p>\n<div class=\"su-table su-table-alternate\">\n<table width=\"94%\">\n<tbody>\n<tr>\n<td style=\"text-align: left\"><strong>Nombre<\/strong><\/td>\n<td style=\"text-align: left\" width=\"36%\"><strong>Cargo<\/strong><\/td>\n<td style=\"text-align: center\" width=\"15%\"><strong>Extensi\u00f3n<\/strong><\/td>\n<\/tr>\n<tr>\n<td>Rossy Arelis Gonz\u00e1lez Novo<\/td>\n<td>Recepcionista<\/td>\n<td style=\"text-align: center\">221<\/td>\n<\/tr>\n<tr>\n<td>Hermano Gerardo P\u00e9rez<\/td>\n<td>Director General<\/td>\n<td style=\"text-align: center\">222<\/td>\n<\/tr>\n<tr>\n<td>Luz Celeste Lorenzo Melo<\/td>\n<td>Asistente Direcci\u00f3n General<\/td>\n<td style=\"text-align: center\">223<\/td>\n<\/tr>\n<tr>\n<td>L\u00edes Marisaura F\u00e9lix Reyes<\/td>\n<td>Administradora<\/td>\n<td style=\"text-align: center\">224<\/td>\n<\/tr>\n<tr>\n<td>Angela Garc\u00eda Hern\u00e1ndez<\/td>\n<td>Encargada de Compras<\/td>\n<td style=\"text-align: center\">225<\/td>\n<\/tr>\n<tr>\n<td>Yoceti Ogando Montero<\/td>\n<td>Encargada de Contabilidad<\/td>\n<td style=\"text-align: center\">226<\/td>\n<\/tr>\n<tr>\n<td>Jamillez Carmona Mart\u00ednez<\/td>\n<td>Auxiliar de contabilidad<\/td>\n<td style=\"text-align: center\">227<\/td>\n<\/tr>\n<tr>\n<td>Maury Mavell Mu\u00f1oz Manzueta<\/td>\n<td>Cajera<\/td>\n<td style=\"text-align: center\">228<\/td>\n<\/tr>\n<tr>\n<td>Fedalma Arias Henr\u00edquez<\/td>\n<td>Encargada de Registro<\/td>\n<td style=\"text-align: center\">229<\/td>\n<\/tr>\n<tr>\n<td>Leticia Recio<\/td>\n<td>Secretaria de Registro<\/td>\n<td style=\"text-align: center\">229<\/td>\n<\/tr>\n<tr>\n<td>Leticia Altagracia De la Cruz Burgos<\/td>\n<td>Encargada de Cobros<\/td>\n<td style=\"text-align: center\">230<\/td>\n<\/tr>\n<tr>\n<td>Raymi Pauline Hern\u00e1ndez Tav\u00e1rez<\/td>\n<td>Coordinadora del Nivel Inicial<\/td>\n<td style=\"text-align: center\">231<\/td>\n<\/tr>\n<tr>\n<td>Mabel Cristina Ram\u00edrez Estrella<\/td>\n<td>Secretaria de la Direcci\u00f3n del Nivel Inicial<\/td>\n<td style=\"text-align: center\">232<\/td>\n<\/tr>\n<tr>\n<td>Adrianny Julissa Nadal P\u00e9rez<\/td>\n<td>Secretaria de la Direcci\u00f3n Secci\u00f3n I<\/td>\n<td style=\"text-align: center\">233<\/td>\n<\/tr>\n<tr>\n<td>Teodosia Peralta Hern\u00e1ndez<\/td>\n<td>Coordinadora\u00a0de la Secci\u00f3n I<\/td>\n<td style=\"text-align: center\">234<\/td>\n<\/tr>\n<tr>\n<td>Ilonka Su\u00e1rez<\/td>\n<td>Coordinadora\u00a0del Departamento de Ingl\u00e9s<\/td>\n<td style=\"text-align: center\">235<\/td>\n<\/tr>\n<tr>\n<td>Margarita Ota\u00f1ez De Jes\u00fas<\/td>\n<td>Psic\u00f3loga de la Secci\u00f3n II<\/td>\n<td style=\"text-align: center\">236<\/td>\n<\/tr>\n<tr>\n<td>Regla Aracelis Miranda<\/td>\n<td>Psic\u00f3loga del Nivel Inicial<\/td>\n<td style=\"text-align: center\">237<\/td>\n<\/tr>\n<tr>\n<td>Comunidad de Hermanos<\/td>\n<td><\/td>\n<td style=\"text-align: center\">238<\/td>\n<\/tr>\n<tr>\n<td>Belkys Moronta Ortega<\/td>\n<td>Encargada de Recursos Humanos<\/td>\n<td style=\"text-align: center\">239<\/td>\n<\/tr>\n<tr>\n<td>Evelyn Carrasco<\/td>\n<td>Asistente de APASALLE<\/td>\n<td style=\"text-align: center\">240<\/td>\n<\/tr>\n<tr>\n<td>Sonia Margarita Figuereo Quezada<\/td>\n<td>Doctora de Enfermer\u00eda<\/td>\n<td style=\"text-align: center\">241<\/td>\n<\/tr>\n<tr>\n<td>Central<\/td>\n<td><\/td>\n<td style=\"text-align: center\">242<\/td>\n<\/tr>\n<tr>\n<td>Ninoska Amnomis Montero Vallejo<\/td>\n<td>Secretaria de la Direcci\u00f3n Secci\u00f3n II<\/td>\n<td style=\"text-align: center\">243<\/td>\n<\/tr>\n<tr>\n<td>Oreibys Dinzey \/ Francisco Bello<\/td>\n<td>Auxiliares de\u00a0Inform\u00e1tica\/Audiovisuales<\/td>\n<td style=\"text-align: center\">244<\/td>\n<\/tr>\n<tr>\n<td>Yanso Ure\u00f1a Fabelo<\/td>\n<td>Encargado de C\u00f3mputos<\/td>\n<td style=\"text-align: center\">245<\/td>\n<\/tr>\n<tr>\n<td>Gilma Gisela Cede\u00f1o P\u00e9rez<\/td>\n<td>Encargada Departamento Docente Metodol\u00f3gico<\/td>\n<td style=\"text-align: center\">246<\/td>\n<\/tr>\n<tr>\n<td>\u00c1ngel Antonio Melo Lora<\/td>\n<td>Encargado Departamento de Comunicaciones<\/td>\n<td style=\"text-align: center\">247<\/td>\n<\/tr>\n<tr>\n<td>COOPSALLE<\/td>\n<td><\/td>\n<td style=\"text-align: center\">248<\/td>\n<\/tr>\n<tr>\n<td>Pedro Mil Mej\u00eda Guzm\u00e1n<\/td>\n<td>Encargado del\u00a0Punto de Venta<\/td>\n<td style=\"text-align: center\">249<\/td>\n<\/tr>\n<tr>\n<td>Mar\u00eda Isabel Escolastico Polanco<\/td>\n<td>Cajera del\u00a0Punto de Venta<\/td>\n<td style=\"text-align: center\">249<\/td>\n<\/tr>\n<tr>\n<td>Jean Carlos Mer\u00e1n De la Cruz<\/td>\n<td>Secretario del Departamento de Pastoral<\/td>\n<td style=\"text-align: center\">250<\/td>\n<\/tr>\n<tr>\n<td>Yudelka Altagracia Acosta Tif\u00e1s<\/td>\n<td>Coordinadora del Departamento de Pastoral<\/td>\n<td style=\"text-align: center\">251<\/td>\n<\/tr>\n<tr>\n<td>Escuela Obrera (ENO)<\/td>\n<td><\/td>\n<td style=\"text-align: center\">252<\/td>\n<\/tr>\n<tr>\n<td>Enestor Ventura Bine<\/td>\n<td>Psic\u00f3logo de la Secci\u00f3n IV<\/td>\n<td style=\"text-align: center\">253<\/td>\n<\/tr>\n<tr>\n<td>Yorgelis Santana<\/td>\n<td>Secretaria del Departamento de Psicolog\u00eda de la Secci\u00f3n IV<\/td>\n<td style=\"text-align: center\">254<\/td>\n<\/tr>\n<tr>\n<td>Corporina Feliz Rubio<\/td>\n<td>Secretaria de la Direcci\u00f3n Secci\u00f3n IV<\/td>\n<td style=\"text-align: center\">255<\/td>\n<\/tr>\n<tr>\n<td>Mar\u00eda Fiordaliza Mueses<\/td>\n<td>Coordinadora\u00a0de la Secci\u00f3n IV<\/td>\n<td style=\"text-align: center\">256<\/td>\n<\/tr>\n<tr>\n<td>Mar\u00eda Fiordaliza Mueses<\/td>\n<td>Encargada de \u00c1rea del Departamento de Naturales<\/td>\n<td style=\"text-align: center\">257<\/td>\n<\/tr>\n<tr>\n<td>Rosa Lissette Rizik Vel\u00e1squez<\/td>\n<td>Encargada de \u00c1rea del Departamento de Arte<\/td>\n<td style=\"text-align: center\">258<\/td>\n<\/tr>\n<tr>\n<td>Eloisa Ysolina Santana Ubiera<\/td>\n<td>Coordinadora\u00a0de la Secci\u00f3n III<\/td>\n<td style=\"text-align: center\">259<\/td>\n<\/tr>\n<tr>\n<td>Bresi Yelid\u00e1 D\u00edaz Pe\u00f1a<\/td>\n<td>Asistente del Departamento de Recursos Humanos<\/td>\n<td style=\"text-align: center\">260<\/td>\n<\/tr>\n<tr>\n<td>Central<\/td>\n<td><\/td>\n<td style=\"text-align: center\">261<\/td>\n<\/tr>\n<tr>\n<td>Evelyn Yokasta Santos Corpor\u00e1n<\/td>\n<td>Secretaria de la Direcci\u00f3n Secci\u00f3n III<\/td>\n<td style=\"text-align: center\">262<\/td>\n<\/tr>\n<tr>\n<td>Sal\u00f3n Profesores Secci\u00f3n III<\/td>\n<td><\/td>\n<td style=\"text-align: center\">263<\/td>\n<\/tr>\n<tr>\n<td>Garita<\/td>\n<td><\/td>\n<td style=\"text-align: center\">264<\/td>\n<\/tr>\n<tr>\n<td>Vivian Katherine L\u00f3pez Pichardo<\/td>\n<td>Psic\u00f3loga de la Secci\u00f3n III<\/td>\n<td style=\"text-align: center\">265<\/td>\n<\/tr>\n<tr>\n<td>Manauris Carrasco Alcantara<\/td>\n<td>Secretario del Departamento de Deportes<\/td>\n<td style=\"text-align: center\">266<\/td>\n<\/tr>\n<tr>\n<td>Idaliza Rodr\u00edguez Santana<\/td>\n<td>Encargada de la Biblioteca<\/td>\n<td style=\"text-align: center\">267<\/td>\n<\/tr>\n<tr>\n<td>Josefina Rojas<\/td>\n<td>Secretaria de la Biblioteca<\/td>\n<td style=\"text-align: center\">267<\/td>\n<\/tr>\n<tr>\n<td>Departamento de Idiomas<\/td>\n<td><\/td>\n<td style=\"text-align: center\">269<\/td>\n<\/tr>\n<tr>\n<td>Zoila\/Esperanza<\/td>\n<td>Casa Central<\/td>\n<td style=\"text-align: center\">270<\/td>\n<\/tr>\n<tr>\n<td>Sal\u00f3n Profesores Secci\u00f3n IV<\/td>\n<td><\/td>\n<td style=\"text-align: center\">272<\/td>\n<\/tr>\n<tr>\n<td>Cafeter\u00eda Complejo Deportivo<\/td>\n<td><\/td>\n<td style=\"text-align: center\">273<\/td>\n<\/tr>\n<tr>\n<td>Luchy Isabel Rodr\u00edguez<\/td>\n<td>Encargada del\u00a0Programa Vespertino<\/td>\n<td style=\"text-align: center\">285<\/td>\n<\/tr>\n<tr>\n<td>Susy Ramona Guti\u00e9rrez Bueno<\/td>\n<td>Coordinadora\u00a0de la Secci\u00f3n II<\/td>\n<td style=\"text-align: center\">287<\/td>\n<\/tr>\n<\/tbody>\n<\/table>\n<\/div>\n","protected":false},"excerpt":{"rendered":"<p>Contactos telef\u00f3nicos del Colegio Dominicano De La Salle Central telef\u00f3nica (809) 689-0111 (Salto Autom\u00e1tico)<\/p>\n","protected":false},"author":4,"featured_media":0,"parent":0,"menu_order":0,"comment_status":"closed","ping_status":"closed","template":"","meta":{"footnotes":""},"class_list":["post-6580","page","type-page","status-publish","hentry"],"_links":{"self":[{"href":"https:\/\/www.lasalle.edu.do\/portal\/wp-json\/wp\/v2\/pages\/6580","targetHints":{"allow":["GET"]}}],"collection":[{"href":"https:\/\/www.lasalle.edu.do\/portal\/wp-json\/wp\/v2\/pages"}],"about":[{"href":"https:\/\/www.lasalle.edu.do\/portal\/wp-json\/wp\/v2\/types\/page"}],"author":[{"embeddable":true,"href":"https:\/\/www.lasalle.edu.do\/portal\/wp-json\/wp\/v2\/users\/4"}],"replies":[{"embeddable":true,"href":"https:\/\/www.lasalle.edu.do\/portal\/wp-json\/wp\/v2\/comments?post=6580"}],"version-history":[{"count":9,"href":"https:\/\/www.lasalle.edu.do\/portal\/wp-json\/wp\/v2\/pages\/6580\/revisions"}],"predecessor-version":[{"id":8721,"href":"https:\/\/www.lasalle.edu.do\/portal\/wp-json\/wp\/v2\/pages\/6580\/revisions\/8721"}],"wp:attachment":[{"href":"https:\/\/www.lasalle.edu.do\/portal\/wp-json\/wp\/v2\/media?parent=6580"}],"curies":[{"name":"wp","href":"https:\/\/api.w.org\/{rel}","templated":true}]}}