{"id":6559,"date":"2016-05-07T23:47:38","date_gmt":"2016-05-07T23:47:38","guid":{"rendered":"http:\/\/lasalle.edu.do\/portal\/?page_id=6559"},"modified":"2016-05-08T00:02:29","modified_gmt":"2016-05-08T00:02:29","slug":"historia-del-colegio-dominicano-de-la-salle","status":"publish","type":"page","link":"https:\/\/www.lasalle.edu.do\/portal\/historia-del-colegio-dominicano-de-la-salle\/","title":{"rendered":"Historia del Colegio Dominicano De La Salle"},"content":{"rendered":"<blockquote><p><strong>Dominicano De La Salle<\/strong><\/p><\/blockquote>\n<p>La Salle es un colegio dominicano consagrado con la educaci\u00f3n desde hace 80 a\u00f1os, del cual han egresado en toda su congregaci\u00f3n 15,500 estudiantes en 66 promociones. Alumnos que hoy son hombres y mujeres destacados en el comercio, el sector empresarial, pol\u00edtico e intelectual del pa\u00eds. Es un centro de estudios dirigido por hermanos lasallistas que siguen las doctrinas del educador <a href=\"http:\/\/lasalle.edu.do\/portal\/san-juan-bautista-de-la-salle\/\">San Juan Bautista La Salle<\/a>, y se\u00a0 fund\u00f3 en 1933, cuando ocup\u00f3 el local del Palacio Arzobispal. Luego se traslad\u00f3 a la Padre Billini esquina Hostos, donde estuvo hasta 1950 cuando fue trasladado a la avenida Bol\u00edvar, en el edificio que todav\u00eda ocupan, como vemos en la foto aqu\u00ed incluida.<\/p>\n<blockquote><p><strong>Educaci\u00f3n<\/strong><\/p><\/blockquote>\n<p>La educaci\u00f3n lasallista va acorde con la transmisi\u00f3n de los valores humanos y el Colegio La Salle, en su misi\u00f3n, tiene como consigna:<\/p>\n<div class=\"su-quote su-quote-style-default su-quote-has-cite\"><div class=\"su-quote-inner su-u-clearfix su-u-trim\">Educar ni\u00f1os,\u00a0 ni\u00f1as y adolescentes para que logren su desarrollo integral en dimensiones individual, social y trascendente, que les facilite una inserci\u00f3n cr\u00edtica, creativa y eficiente en la sociedad<span class=\"su-quote-cite\">Colegio Dominicano De La Salle<\/span><\/div><\/div>\n<p>El escudo que utilizaron localmente es el aqu\u00ed incluido, del cual forma parte la estrella, s\u00edmbolo del lasallismo, y ostentaba los colores patrios. Recientemente, dicho escudo ha sido cambiado por un s\u00edmbolo que pueda utilizarse mundialmente.<\/p>\n<blockquote><p><strong>Hermanos <\/strong><\/p><\/blockquote>\n<p><img loading=\"lazy\" decoding=\"async\" class=\"alignleft wp-image-6569\" src=\"http:\/\/lasalle.edu.do\/portal\/wp-content\/uploads\/2016\/05\/salle_historia5-300x199.jpg\" alt=\"salle_historia5\" width=\"275\" height=\"183\" srcset=\"https:\/\/www.lasalle.edu.do\/portal\/wp-content\/uploads\/2016\/05\/salle_historia5-300x199.jpg 300w, https:\/\/www.lasalle.edu.do\/portal\/wp-content\/uploads\/2016\/05\/salle_historia5.jpg 620w\" sizes=\"auto, (max-width: 275px) 100vw, 275px\" \/>El nombre del colegio se debe al gran educador franc\u00e9s canonizado, Juan Bautista de La Salle, quien vivi\u00f3\u00a0 a principios del siglo XVIII y se dedic\u00f3 a la formaci\u00f3n de maestros. Fue el fundador de la congregaci\u00f3n <a href=\"http:\/\/www.lasalle.org\/en\/\" target=\"_blank\">Los Hermanos de las Escuelas Cristianas<\/a>, que es una organizaci\u00f3n cat\u00f3lica de car\u00e1cter laical. En nuestro pa\u00eds,\u00a0 los fundadores del colegio fueron los hermanos Armando, director;\u00a0 Miguel, Aniceto, Alejandro, Adriano y Lorenzo. Actualmente, el director es el hermano\u00a0 Avelino Guerrero Castillo, egresado de La Salle de Hig\u00fcey, educador de profesi\u00f3n, a quien vemos en la foto.<\/p>\n<blockquote><p><strong>Primeros graduandos <\/strong><\/p><\/blockquote>\n<p><img loading=\"lazy\" decoding=\"async\" class=\"alignleft wp-image-6567\" src=\"http:\/\/lasalle.edu.do\/portal\/wp-content\/uploads\/2016\/05\/salle_historias3-300x199.jpg\" alt=\"salle_historias3\" width=\"275\" height=\"183\" srcset=\"https:\/\/www.lasalle.edu.do\/portal\/wp-content\/uploads\/2016\/05\/salle_historias3-300x199.jpg 300w, https:\/\/www.lasalle.edu.do\/portal\/wp-content\/uploads\/2016\/05\/salle_historias3.jpg 620w\" sizes=\"auto, (max-width: 275px) 100vw, 275px\" \/>La primera promoci\u00f3n de bachilleres se gradu\u00f3 en 1947 y estuvo conformada por 16 estudiantes, solo varones, ya que la ense\u00f1anza se convirti\u00f3 en mixta en 1972. Dichos graduandos fueron\u00a0 \u00c1ngelo Elm\u00fadesi Porcella, Carlos Marranzini Marra, Francisco Car\u00edas Domicci, Joaqu\u00edn Cocco Ricart, Jos\u00e9 Rafael G\u00f3mez Sosa, Leopoldo Gonz\u00e1lez Brache, Luis Cino Carretero, Manuel Gal\u00e1n Salas, Marino Mendoza Pichardo, M\u00e1ximo Vel\u00e1zquez Lajara, Miguel Delgado Batlle, Pierino Del Gi\u00fadice Carretero, Rafael D\u00edaz Morales, Rafael Pereira Ricart, Ram\u00f3n Imbert Rainieri y Robert Tom\u00e1s Torres, a quienes apreciamos en un recordatorio tallado que lleva sus fotograf\u00edas y que podemos observar en la sala de entrada al plantel.<\/p>\n<blockquote><p><strong>Equipo de baloncesto<\/strong><\/p><\/blockquote>\n<p><img loading=\"lazy\" decoding=\"async\" class=\"alignleft wp-image-6566\" src=\"http:\/\/lasalle.edu.do\/portal\/wp-content\/uploads\/2016\/05\/salle_historia2-300x199.jpg\" alt=\"salle_historia2\" width=\"275\" height=\"183\" srcset=\"https:\/\/www.lasalle.edu.do\/portal\/wp-content\/uploads\/2016\/05\/salle_historia2-300x199.jpg 300w, https:\/\/www.lasalle.edu.do\/portal\/wp-content\/uploads\/2016\/05\/salle_historia2.jpg 620w\" sizes=\"auto, (max-width: 275px) 100vw, 275px\" \/>El deporte siempre ha sido importante para este colegio, y en especial el baloncesto.\u00a0 En la foto del 28 de junio de 1963 vemos a varios estudiantes del plantel, algunos de ellos, luego, destacados deportistas profesionales, entre los cuales se aprecian, de pies,\u00a0 desde la izquierda, al entrenador, hermano Bernardino y los jugadores Carlos Ram\u00f3n Chahede, Iv\u00e1n Monci\u00f3n, Jos\u00e9 De Pool, Frank Valdez, H\u00e9ctor And\u00fajar y Juan Oleaga. En cuclillas, Jos\u00e9 Ginebra, Franklin Guerrero, Sixto P\u00e9rez, Juli\u00e1n El\u00edas y Alidalah Abel. Hoy, el equipo est\u00e1 formado por los siguientes jugadores, que apreciamos en la foto: Michael Rodr\u00edguez, C\u00e9sar F\u00e9lix, Caonabo Herr\u00e1n, Jos\u00e9 Abraham De L\u00e1ncer, centro; Gregori Taveras, Harlet Seiffe, Alejandro Peguero, Joan Su\u00e1rez, Francisco Mart\u00ednez, Kelvin Santana, Maico Polanco, Sebasti\u00e1n del R\u00edo, Atilio M\u00e9ndez, Carlos Zapata (entrenador) y Pascasio\u00a0 Mendoza (coordinador de Deportes).<\/p>\n<blockquote><p><strong>Diversificaci\u00f3n<\/strong><\/p><\/blockquote>\n<p><img loading=\"lazy\" decoding=\"async\" class=\"alignleft wp-image-6565\" src=\"http:\/\/lasalle.edu.do\/portal\/wp-content\/uploads\/2016\/05\/salle_historia_1-300x199.jpg\" alt=\"salle_historia_1\" width=\"275\" height=\"183\" srcset=\"https:\/\/www.lasalle.edu.do\/portal\/wp-content\/uploads\/2016\/05\/salle_historia_1-300x199.jpg 300w, https:\/\/www.lasalle.edu.do\/portal\/wp-content\/uploads\/2016\/05\/salle_historia_1.jpg 620w\" sizes=\"auto, (max-width: 275px) 100vw, 275px\" \/>Gracias a una educaci\u00f3n de vida por parte de La Salle, miles de j\u00f3venes hoy gozan de una formaci\u00f3n digna en valores, que respeta las libertades de cada pueblo y naci\u00f3n. El colegio inicial se ha diversificado y hoy cuenta, adem\u00e1s de su centro principal en Santo Domingo, con otro colegio privado en Santiago; cinco escuelas oficialistas gratuitas, varios centros llamados de la juventud y la cultura en diversas localidades del pa\u00eds y tres escuelas en Hig\u00fcey. \u00a0Actualmente, las escuelas La Salle cuentan con unos 8,000 estudiantes en todo el pa\u00eds, de los cuales 1,100 pertenecen al colegio privado de Santo Domingo.<\/p>\n","protected":false},"excerpt":{"rendered":"<p>Dominicano De La Salle La Salle es un colegio dominicano consagrado con la educaci\u00f3n desde hace 80 a\u00f1os, del cual han egresado en toda su congregaci\u00f3n 15,500 estudiantes en 66 promociones. Alumnos que hoy son hombres y mujeres destacados en el comercio, el sector empresarial, pol\u00edtico e intelectual del pa\u00eds. Es un centro de estudios [&hellip;]<\/p>\n","protected":false},"author":4,"featured_media":0,"parent":0,"menu_order":0,"comment_status":"closed","ping_status":"closed","template":"","meta":{"footnotes":""},"class_list":["post-6559","page","type-page","status-publish","hentry"],"_links":{"self":[{"href":"https:\/\/www.lasalle.edu.do\/portal\/wp-json\/wp\/v2\/pages\/6559","targetHints":{"allow":["GET"]}}],"collection":[{"href":"https:\/\/www.lasalle.edu.do\/portal\/wp-json\/wp\/v2\/pages"}],"about":[{"href":"https:\/\/www.lasalle.edu.do\/portal\/wp-json\/wp\/v2\/types\/page"}],"author":[{"embeddable":true,"href":"https:\/\/www.lasalle.edu.do\/portal\/wp-json\/wp\/v2\/users\/4"}],"replies":[{"embeddable":true,"href":"https:\/\/www.lasalle.edu.do\/portal\/wp-json\/wp\/v2\/comments?post=6559"}],"version-history":[{"count":7,"href":"https:\/\/www.lasalle.edu.do\/portal\/wp-json\/wp\/v2\/pages\/6559\/revisions"}],"predecessor-version":[{"id":6573,"href":"https:\/\/www.lasalle.edu.do\/portal\/wp-json\/wp\/v2\/pages\/6559\/revisions\/6573"}],"wp:attachment":[{"href":"https:\/\/www.lasalle.edu.do\/portal\/wp-json\/wp\/v2\/media?parent=6559"}],"curies":[{"name":"wp","href":"https:\/\/api.w.org\/{rel}","templated":true}]}}