{"id":6474,"date":"2016-05-06T22:14:27","date_gmt":"2016-05-06T22:14:27","guid":{"rendered":"http:\/\/lasalle.edu.do\/portal\/?page_id=6474"},"modified":"2016-05-06T22:17:16","modified_gmt":"2016-05-06T22:17:16","slug":"fraternidad-misionera-lasallista","status":"publish","type":"page","link":"https:\/\/www.lasalle.edu.do\/portal\/fraternidad-misionera-lasallista\/","title":{"rendered":"Fraternidad Misionera Lasallista"},"content":{"rendered":"<blockquote><p>\u00bfQu\u00e9 es la FML?<\/p><\/blockquote>\n<p>La Fraternidad Misionera Lasallista (FML) es un grupo juvenil Cristiano Cat\u00f3lico llamado por Dios para vivir en comunidad el seguimiento de Jes\u00fas y el compromiso de construir el Reino al estilo de San Juan Bautista De La Salle, vive as\u00ed la vocaci\u00f3n eclesial, la espiritualidad de su fundador y lo integra a la Misi\u00f3n Compartida del Instituto De La Salle.<\/p>\n<blockquote><p>\u00bfQui\u00e9nes forman la FML?<\/p><\/blockquote>\n<p>La Fraternidad Misionera Lasallista est\u00e1 abierta a todos los j\u00f3venes que se sientan llamados a asumir un estilo de vida Lasallista, fomentado en Fe, Fraternidad y Servicio. En la actualidad la FML est\u00e1 integrada por j\u00f3venes de diferentes instituciones lasallistas en Rep\u00fablica Dominicana:<\/p>\n<div class=\"su-list\" style=\"margin-left:0px\">\n<ul>\n<li><i class=\"sui sui-star\" style=\"color:#333\"><\/i> Colegio De La Salle,\u00a0 Santiago<\/li>\n<li><i class=\"sui sui-star\" style=\"color:#333\"><\/i> Colegio Dominicano De La Salle, Santo Domingo<\/li>\n<li><i class=\"sui sui-star\" style=\"color:#333\"><\/i> Escuela Santo Hermano Miguel, Santiago<\/li>\n<li><i class=\"sui sui-star\" style=\"color:#333\"><\/i> Escuela San Juan Bautista de La Salle, Santo Domingo<\/li>\n<li><i class=\"sui sui-star\" style=\"color:#333\"><\/i> Escuela San Juan XXIII De La Salle, Hig\u00fcey<\/li>\n<li><i class=\"sui sui-star\" style=\"color:#333\"><\/i> Escuela San Juan Bautista De La Salle, Barrio La Florida, Hig\u00fcey<\/li>\n<\/ul>\n<\/div>\n<p>Entre los j\u00f3venes que conforman la Fraternidad se encuentran alumnos, ex \u2013 alumnos, profesionales y personas que aun no habi\u00e9ndose educado en aulas lasallistas se han \u201cenamorado\u201d del estilo y de la vocaci\u00f3n eclesial inspirada por nuestro fundador.\u00a0El grupo cuenta con el apoyo de los Hermanos Lasallistas brindando su asesor\u00eda y siendo gu\u00edas espirituales para los misioneros de la fraternidad.<\/p>\n<blockquote><p>\u00bfQu\u00e9 hacemos?<\/p><\/blockquote>\n<p>Los miembros de la FML desarrollan todo un proceso de crecimiento en la fe durante todo el a\u00f1o a trav\u00e9s de cuatro grandes ejes:<\/p>\n<div class=\"su-list\" style=\"margin-left:0px\">\n<ul>\n<li><i class=\"sui sui-star\" style=\"color:#333\"><\/i> <strong>Relaciones interpersonales s\u00f3lidas:<\/strong> Con el fin de compartir la vida, se organizan actividades donde los misioneros tienen la oportunidad de desarrollar y crear v\u00ednculos\u00a0 con otros misioneros<\/li>\n<li><i class=\"sui sui-star\" style=\"color:#333\"><\/i> <strong>Vida Espiritual:<\/strong> con el fin de compartir la fe se organizan asambleas locales donde se dan temas relacionados con la lectura y reflexi\u00f3n de la palabra de Dios, participaci\u00f3n de la Eucarist\u00eda, recepci\u00f3n peri\u00f3dica del sacramento de la Reconciliaci\u00f3n, oraci\u00f3n comunitaria fundamentada en la Biblia.<\/li>\n<li><i class=\"sui sui-star\" style=\"color:#333\"><\/i> <strong>Formaci\u00f3n Permanente<\/strong>: Tem\u00e1tica anual del grupo, charlas, talleres y lecturas formativas de acuerdo a las necesidades personales y del grupo<\/li>\n<li><i class=\"sui sui-star\" style=\"color:#333\"><\/i> <strong>Compromiso Apost\u00f3lico<\/strong>: Acci\u00f3n concreta de apostolado: catequesis, animaci\u00f3n de grupos de pastoral y educaci\u00f3n de adultos<\/li>\n<\/ul>\n<\/div>\n<p>&nbsp;<\/p>\n<p>De esta forma nos preparamos para las actividades fuertes de servicio como: El Campo Misi\u00f3n de Verano (CMV), El Campo Misi\u00f3n de Semana Santa (CMSS), Compromisos en otros servicios de la Misi\u00f3n Compartida.<\/p>\n","protected":false},"excerpt":{"rendered":"<p>\u00bfQu\u00e9 es la FML? La Fraternidad Misionera Lasallista (FML) es un grupo juvenil Cristiano Cat\u00f3lico llamado por Dios para vivir en comunidad el seguimiento de Jes\u00fas y el compromiso de construir el Reino al estilo de San Juan Bautista De La Salle, vive as\u00ed la vocaci\u00f3n eclesial, la espiritualidad de su fundador y lo integra [&hellip;]<\/p>\n","protected":false},"author":4,"featured_media":0,"parent":0,"menu_order":0,"comment_status":"closed","ping_status":"closed","template":"","meta":{"footnotes":""},"class_list":["post-6474","page","type-page","status-publish","hentry"],"_links":{"self":[{"href":"https:\/\/www.lasalle.edu.do\/portal\/wp-json\/wp\/v2\/pages\/6474","targetHints":{"allow":["GET"]}}],"collection":[{"href":"https:\/\/www.lasalle.edu.do\/portal\/wp-json\/wp\/v2\/pages"}],"about":[{"href":"https:\/\/www.lasalle.edu.do\/portal\/wp-json\/wp\/v2\/types\/page"}],"author":[{"embeddable":true,"href":"https:\/\/www.lasalle.edu.do\/portal\/wp-json\/wp\/v2\/users\/4"}],"replies":[{"embeddable":true,"href":"https:\/\/www.lasalle.edu.do\/portal\/wp-json\/wp\/v2\/comments?post=6474"}],"version-history":[{"count":1,"href":"https:\/\/www.lasalle.edu.do\/portal\/wp-json\/wp\/v2\/pages\/6474\/revisions"}],"predecessor-version":[{"id":6476,"href":"https:\/\/www.lasalle.edu.do\/portal\/wp-json\/wp\/v2\/pages\/6474\/revisions\/6476"}],"wp:attachment":[{"href":"https:\/\/www.lasalle.edu.do\/portal\/wp-json\/wp\/v2\/media?parent=6474"}],"curies":[{"name":"wp","href":"https:\/\/api.w.org\/{rel}","templated":true}]}}