{"id":6465,"date":"2016-05-06T21:11:39","date_gmt":"2016-05-06T21:11:39","guid":{"rendered":"http:\/\/lasalle.edu.do\/portal\/?page_id=6465"},"modified":"2022-03-18T09:53:34","modified_gmt":"2022-03-18T13:53:34","slug":"alquiler-de-salones","status":"publish","type":"page","link":"https:\/\/www.lasalle.edu.do\/portal\/alquiler-de-salones\/","title":{"rendered":"Alquiler de Salones"},"content":{"rendered":"<div class=\"wpb-content-wrapper\">[vc_row][vc_column][vc_column_text]\n<blockquote>\n<p><strong>Sal\u00f3n de la Juventud<\/strong><\/p>\n<\/blockquote>\n<div class=\"su-list\" style=\"margin-left:0px\">\n<ul>\n<li><i class=\"sui sui-star\" style=\"color:#333\"><\/i> Capacidad: 150 personas<\/li>\n<li><i class=\"sui sui-star\" style=\"color:#333\"><\/i> Internet Wi Fi<\/li>\n<li><i class=\"sui sui-star\" style=\"color:#333\"><\/i> Sistema de sonido integrado<\/li>\n<li><i class=\"sui sui-star\" style=\"color:#333\"><\/i> Sistema de Videoconferencia sobre IP<\/li>\n<li><i class=\"sui sui-star\" style=\"color:#333\"><\/i> Pantalla Smart board<\/li>\n<li><i class=\"sui sui-star\" style=\"color:#333\"><\/i> Proyector BenQ de 4,000 lumens<\/li>\n<li><i class=\"sui sui-star\" style=\"color:#333\"><\/i> Pizarra blanca<\/li>\n<li><i class=\"sui sui-star\" style=\"color:#333\"><\/i> Micr\u00f3fonos inal\u00e1mbrico y alambrico<\/li>\n<li><i class=\"sui sui-star\" style=\"color:#333\"><\/i> UPS APC Smart-3000VA<\/li>\n<li><i class=\"sui sui-star\" style=\"color:#333\"><\/i> Planta el\u00e9ctrica de 100 Kilos<\/li>\n<li><i class=\"sui sui-star\" style=\"color:#333\"><\/i> Nuestros salones cuentan \u00a0con aires acondicionados<\/li>\n<li><i class=\"sui sui-star\" style=\"color:#333\"><\/i> Parqueo amplio y vigilado<\/li>\n<li><i class=\"sui sui-star\" style=\"color:#333\"><\/i> Servicio de cafeter\u00eda<\/li>\n<\/ul>\n<\/div>\n<p>Si desea conocer y visitar nuestros salones, solicitar reservaciones o cotizaciones, llame a nuestro Departamento de Administraci\u00f3n, al tel\u00e9fono 809-689-0111 ext. 224 o 225, o env\u00edenos un mensaje a trav\u00e9s de nuestro <a href=\"http:\/\/lasalle.edu.do\/portal\/contact-us\/\">formulario de contacto<\/a>.<\/p>\n<blockquote>\n<p><strong>Sal\u00f3n de Inform\u00e1tica II<\/strong><\/p>\n<\/blockquote>\n<div class=\"su-list\" style=\"margin-left:0px\">\n<ul>\n<li><i class=\"sui sui-star\" style=\"color:#333\"><\/i> 42 Computadoras DELL GX-260<\/li>\n<li><i class=\"sui sui-star\" style=\"color:#333\"><\/i> Intel P4 2.6 GHz, 512 MB , 40 GB<\/li>\n<li><i class=\"sui sui-star\" style=\"color:#333\"><\/i> CDRW \u2013 DVD<\/li>\n<li><i class=\"sui sui-star\" style=\"color:#333\"><\/i> Sistema operativo Ms Windows XP y Office 2000.<\/li>\n<li><i class=\"sui sui-star\" style=\"color:#333\"><\/i> Comunicaci\u00f3n: 56 k Ethernet 10\/100<\/li>\n<li><i class=\"sui sui-star\" style=\"color:#333\"><\/i> Pantalla est\u00e1tica colapsable Quartet<\/li>\n<li><i class=\"sui sui-star\" style=\"color:#333\"><\/i> Proyector NEC<\/li>\n<li><i class=\"sui sui-star\" style=\"color:#333\"><\/i> Pizarra blanca<\/li>\n<li><i class=\"sui sui-star\" style=\"color:#333\"><\/i> 2 UPS Power Ware 12 Kilos<\/li>\n<li><i class=\"sui sui-star\" style=\"color:#333\"><\/i> Planta el\u00e9ctrica de 100 Kilos<\/li>\n<li><i class=\"sui sui-star\" style=\"color:#333\"><\/i> Nuestros salones cuentan con aires acondicionados<\/li>\n<li><i class=\"sui sui-star\" style=\"color:#333\"><\/i> Parqueo amplio y vigilado<\/li>\n<li><i class=\"sui sui-star\" style=\"color:#333\"><\/i> Servicio de cafeter\u00eda<br \/>\n<\/div><\/li>\n<\/ul>\n<p>Si desea conocer y visitar nuestros salones, solicitar reservaciones o cotizaciones, llame a nuestro Departamento de Administraci\u00f3n, al tel\u00e9fono 809-689-0111 ext. 224 o 225, o env\u00edenos un mensaje a trav\u00e9s de nuestro <a href=\"http:\/\/lasalle.edu.do\/portal\/contact-us\/\">formulario de contacto<\/a>.<\/p>\n<blockquote>\n<p><strong>Sal\u00f3n de Inform\u00e1tica I<\/strong><\/p>\n<\/blockquote>\n<div class=\"su-list\" style=\"margin-left:0px\">\n<ul>\n<li><i class=\"sui sui-star\" style=\"color:#333\"><\/i> Capacidad: 40 personas<\/li>\n<li><i class=\"sui sui-star\" style=\"color:#333\"><\/i> Ubicado en el segundo piso<\/li>\n<li><i class=\"sui sui-star\" style=\"color:#333\"><\/i> Internet alambrico y Wi Fi<\/li>\n<li><i class=\"sui sui-star\" style=\"color:#333\"><\/i> Sistema de sonido integrado<\/li>\n<li><i class=\"sui sui-star\" style=\"color:#333\"><\/i> Pantalla est\u00e1tica colapsable Quartet<\/li>\n<li><i class=\"sui sui-star\" style=\"color:#333\"><\/i> Proyector NEC<\/li>\n<li><i class=\"sui sui-star\" style=\"color:#333\"><\/i> Pizarra blanca<\/li>\n<li><i class=\"sui sui-star\" style=\"color:#333\"><\/i> 2 UPS Power Ware 12 Kilos<\/li>\n<li><i class=\"sui sui-star\" style=\"color:#333\"><\/i> Planta el\u00e9ctrica de 100 Kilos<\/li>\n<li><i class=\"sui sui-star\" style=\"color:#333\"><\/i> Nuestros salones cuentan con aires acondicionados<\/li>\n<li><i class=\"sui sui-star\" style=\"color:#333\"><\/i> Parqueo amplio y vigilado<\/li>\n<li><i class=\"sui sui-star\" style=\"color:#333\"><\/i> Servicio de cafeter\u00eda<\/li>\n<\/ul>\n<\/div>\n<p>Si desea conocer y visitar nuestros salones, solicitar reservaciones o cotizaciones, llame a nuestro Departamento de Administraci\u00f3n, al tel\u00e9fono 809-689-0111 ext. 224 o 225, o env\u00edenos un mensaje a trav\u00e9s de nuestro <a href=\"http:\/\/lasalle.edu.do\/portal\/contact-us\/\">formulario de contacto<\/a>.<\/p>\n<blockquote>\n<p><strong>Sal\u00f3nes de Audiovisuales II<\/strong><\/p>\n<\/blockquote>\n<div class=\"su-list\" style=\"margin-left:0px\">\n<ul>\n<li><i class=\"sui sui-star\" style=\"color:#333\"><\/i> Capacidad: 40 personas<\/li>\n<li><i class=\"sui sui-star\" style=\"color:#333\"><\/i> Internet alambrico y Wi Fi<\/li>\n<li><i class=\"sui sui-star\" style=\"color:#333\"><\/i> Sistema de sonido integrado<\/li>\n<li><i class=\"sui sui-star\" style=\"color:#333\"><\/i> Pantalla est\u00e1tica colapsable Quartet<\/li>\n<li><i class=\"sui sui-star\" style=\"color:#333\"><\/i> Proyector NEC<\/li>\n<li><i class=\"sui sui-star\" style=\"color:#333\"><\/i> Pizarra blanca<\/li>\n<li><i class=\"sui sui-star\" style=\"color:#333\"><\/i> 2 UPS Power Ware 12 Kilos<\/li>\n<li><i class=\"sui sui-star\" style=\"color:#333\"><\/i> Planta el\u00e9ctrica de 100 Kilos<\/li>\n<li><i class=\"sui sui-star\" style=\"color:#333\"><\/i> Nuestros salones cuentan con aires acondicionados<\/li>\n<li><i class=\"sui sui-star\" style=\"color:#333\"><\/i> Parqueo amplio y vigilado<\/li>\n<li><i class=\"sui sui-star\" style=\"color:#333\"><\/i> Servicio de cafeter\u00eda<\/li>\n<\/ul>\n<\/div>\n<p>Si desea conocer y visitar nuestros salones, solicitar reservaciones o cotizaciones, llame a nuestro Departamento de Administraci\u00f3n, al tel\u00e9fono 809-689-0111 ext. 224 o 225, o env\u00edenos un mensaje a trav\u00e9s de nuestro <a href=\"http:\/\/lasalle.edu.do\/portal\/contact-us\/\">formulario de contacto<\/a>.<\/p>\n<blockquote>\n<p><strong>Sal\u00f3n de Actos &#8211; Teatro<\/strong><\/p>\n<\/blockquote>\n<div class=\"su-list\" style=\"margin-left:0px\">\n<ul>\n<li><i class=\"sui sui-star\" style=\"color:#333\"><\/i> Capacidad: 350 personas<\/li>\n<li><i class=\"sui sui-star\" style=\"color:#333\"><\/i> Internet Wi Fi<\/li>\n<li><i class=\"sui sui-star\" style=\"color:#333\"><\/i> Sistema de sonido integrado<\/li>\n<li><i class=\"sui sui-star\" style=\"color:#333\"><\/i> Pantalla m\u00f3vil<\/li>\n<li><i class=\"sui sui-star\" style=\"color:#333\"><\/i> Micr\u00f3fonos inal\u00e1mbrico y alambrico<\/li>\n<li><i class=\"sui sui-star\" style=\"color:#333\"><\/i> Planta el\u00e9ctrica de 100 Kilos<\/li>\n<li><i class=\"sui sui-star\" style=\"color:#333\"><\/i> Parqueo amplio y vigilado<\/li>\n<li><i class=\"sui sui-star\" style=\"color:#333\"><\/i> Servicio de cafeter\u00eda<\/li>\n<\/ul>\n<\/div>\n<p>Si desea conocer y visitar nuestros salones, solicitar reservaciones o cotizaciones, llame a nuestro Departamento de Administraci\u00f3n, al tel\u00e9fono 809-689-0111 ext. 224 o 225, o env\u00edenos un mensaje a trav\u00e9s de nuestro <a href=\"http:\/\/lasalle.edu.do\/portal\/contact-us\/\">formulario de contacto<\/a>.[\/vc_column_text][\/vc_column][\/vc_row]\n<\/div>","protected":false},"excerpt":{"rendered":"<p>[vc_row][vc_column][vc_column_text] Sal\u00f3n de la Juventud Si desea conocer y visitar nuestros salones, solicitar reservaciones o cotizaciones, llame a nuestro Departamento de Administraci\u00f3n, al tel\u00e9fono 809-689-0111 ext. 224 o 225, o env\u00edenos un mensaje a trav\u00e9s de nuestro formulario de contacto. Sal\u00f3n de Inform\u00e1tica II Si desea conocer y visitar nuestros salones, solicitar reservaciones o cotizaciones, [&hellip;]<\/p>\n","protected":false},"author":4,"featured_media":0,"parent":0,"menu_order":0,"comment_status":"closed","ping_status":"closed","template":"","meta":{"footnotes":""},"class_list":["post-6465","page","type-page","status-publish","hentry"],"_links":{"self":[{"href":"https:\/\/www.lasalle.edu.do\/portal\/wp-json\/wp\/v2\/pages\/6465","targetHints":{"allow":["GET"]}}],"collection":[{"href":"https:\/\/www.lasalle.edu.do\/portal\/wp-json\/wp\/v2\/pages"}],"about":[{"href":"https:\/\/www.lasalle.edu.do\/portal\/wp-json\/wp\/v2\/types\/page"}],"author":[{"embeddable":true,"href":"https:\/\/www.lasalle.edu.do\/portal\/wp-json\/wp\/v2\/users\/4"}],"replies":[{"embeddable":true,"href":"https:\/\/www.lasalle.edu.do\/portal\/wp-json\/wp\/v2\/comments?post=6465"}],"version-history":[{"count":9,"href":"https:\/\/www.lasalle.edu.do\/portal\/wp-json\/wp\/v2\/pages\/6465\/revisions"}],"predecessor-version":[{"id":9038,"href":"https:\/\/www.lasalle.edu.do\/portal\/wp-json\/wp\/v2\/pages\/6465\/revisions\/9038"}],"wp:attachment":[{"href":"https:\/\/www.lasalle.edu.do\/portal\/wp-json\/wp\/v2\/media?parent=6465"}],"curies":[{"name":"wp","href":"https:\/\/api.w.org\/{rel}","templated":true}]}}