{"id":6276,"date":"2016-04-25T18:03:20","date_gmt":"2016-04-25T18:03:20","guid":{"rendered":"http:\/\/lasalle.edu.do\/portal\/?page_id=6276"},"modified":"2016-05-06T04:42:32","modified_gmt":"2016-05-06T04:42:32","slug":"logo-y-bandera-del-colegio","status":"publish","type":"page","link":"https:\/\/www.lasalle.edu.do\/portal\/logo-y-bandera-del-colegio\/","title":{"rendered":"Logo y Bandera del Colegio"},"content":{"rendered":"<blockquote>\n<h1>Logo Institucional<\/h1>\n<\/blockquote>\n<p><img loading=\"lazy\" decoding=\"async\" class=\"size-full wp-image-6235 alignright\" src=\"http:\/\/lasalle.edu.do\/portal\/wp-content\/uploads\/2016\/02\/OficialCompleto-peq.png\" alt=\"OficialCompleto-peq\" width=\"265\" height=\"118\" \/><\/p>\n<div class=\"su-list\" style=\"margin-left:0px\">\n<ul>\n<li><i class=\"sui sui-star\" style=\"color:#333\"><\/i> Porque somos miembros de una gran familia extendida por todo el mundo, nos centraremos en el nombre propio de nuestro Fundador\u2026 La Salle.\u00a0\u201cLa Salle\u201d est\u00e1 en primer t\u00e9rmino porque es lo que nos une. Es la expresi\u00f3n que ha pasado, con el tiempo, a ser m\u00e1s universal.<\/li>\n<li><i class=\"sui sui-star\" style=\"color:#333\"><\/i> Porque avanzamos desde la tradici\u00f3n hacia la modernidad incluiremos el s\u00edmbolo de la estrella, de gran tradici\u00f3n en el Instituto desde pr\u00e1cticamente sus or\u00edgenes.<\/li>\n<li><i class=\"sui sui-star\" style=\"color:#333\"><\/i> Porque la fuerza nos la da la riqueza de nuestra diversidad utilizaremos el dise\u00f1o de la estrella de cinco puntas, armoniosa pero desigual en el tama\u00f1o de sus puntas.<\/li>\n<\/ul>\n<\/div>\n<p>La estrella hace de nexo con el pasado (nos recuerda de d\u00f3nde venimos) pero tambi\u00e9n con el futuro (es luz y gu\u00eda de caminantes). Es el elemento que m\u00e1s se repite en todos los logos y escudos en el \u00e1mbito lasaliano. Es tambi\u00e9n el nexo de uni\u00f3n entre el logo oficial del Instituto de los Hermanos de las Escuelas Cristianas (Signum Fidei) y la Familia Lasaliana.<\/p>\n<p>En un contexto cristiano, la estrella es tambi\u00e9n una referencia a la fe o, en nuestro caso, al \u201c<strong>esp\u00edritu de fe<\/strong>\u201d como elemento fundante de la espiritualidad lasaliana. San Juan Bautista de la Salle aludir\u00e1 a ella en la meditaci\u00f3n de la fi esta de los Reyes Magos, tambi\u00e9n para referirse a Mar\u00eda (recordamos que nuestra patrona es Nuestra Se\u00f1ora de la Estrella) y que uno de los texto b\u00edblicos m\u00e1s usados para recordar la grandeza de nuestra misi\u00f3n son las palabras del profeta Daniel:<\/p>\n<div class=\"su-quote su-quote-style-default su-quote-has-cite\"><div class=\"su-quote-inner su-u-clearfix su-u-trim\">Los que ense\u00f1aren a muchos la justicia brillar\u00e1n como estrellas en perpetuas eternidades<span class=\"su-quote-cite\">Daniel 12,3l<\/span><\/div><\/div>\n","protected":false},"excerpt":{"rendered":"<p>Logo Institucional La estrella hace de nexo con el pasado (nos recuerda de d\u00f3nde venimos) pero tambi\u00e9n con el futuro (es luz y gu\u00eda de caminantes). Es el elemento que m\u00e1s se repite en todos los logos y escudos en el \u00e1mbito lasaliano. Es tambi\u00e9n el nexo de uni\u00f3n entre el logo oficial del Instituto [&hellip;]<\/p>\n","protected":false},"author":4,"featured_media":0,"parent":0,"menu_order":0,"comment_status":"closed","ping_status":"closed","template":"","meta":{"footnotes":""},"class_list":["post-6276","page","type-page","status-publish","hentry"],"_links":{"self":[{"href":"https:\/\/www.lasalle.edu.do\/portal\/wp-json\/wp\/v2\/pages\/6276","targetHints":{"allow":["GET"]}}],"collection":[{"href":"https:\/\/www.lasalle.edu.do\/portal\/wp-json\/wp\/v2\/pages"}],"about":[{"href":"https:\/\/www.lasalle.edu.do\/portal\/wp-json\/wp\/v2\/types\/page"}],"author":[{"embeddable":true,"href":"https:\/\/www.lasalle.edu.do\/portal\/wp-json\/wp\/v2\/users\/4"}],"replies":[{"embeddable":true,"href":"https:\/\/www.lasalle.edu.do\/portal\/wp-json\/wp\/v2\/comments?post=6276"}],"version-history":[{"count":5,"href":"https:\/\/www.lasalle.edu.do\/portal\/wp-json\/wp\/v2\/pages\/6276\/revisions"}],"predecessor-version":[{"id":6403,"href":"https:\/\/www.lasalle.edu.do\/portal\/wp-json\/wp\/v2\/pages\/6276\/revisions\/6403"}],"wp:attachment":[{"href":"https:\/\/www.lasalle.edu.do\/portal\/wp-json\/wp\/v2\/media?parent=6276"}],"curies":[{"name":"wp","href":"https:\/\/api.w.org\/{rel}","templated":true}]}}