{"id":6268,"date":"2016-04-25T17:54:11","date_gmt":"2016-04-25T17:54:11","guid":{"rendered":"http:\/\/lasalle.edu.do\/portal\/?page_id=6268"},"modified":"2016-05-06T04:36:30","modified_gmt":"2016-05-06T04:36:30","slug":"himno-del-colegio","status":"publish","type":"page","link":"https:\/\/www.lasalle.edu.do\/portal\/himno-del-colegio\/","title":{"rendered":"Himno del Colegio"},"content":{"rendered":"<blockquote><p>Letras del Himno del Colegio Dominicano De La Salle<\/p><\/blockquote>\n<div class=\"su-audio\" data-id=\"su_audio_player_6a050bdc15113\" data-audio=\"http:\/\/www.xtudia.com\/audio\/himno.mp3\" data-swf=\"https:\/\/www.lasalle.edu.do\/portal\/wp-content\/plugins\/shortcodes-ultimate\/vendor\/jplayer\/jplayer.swf\" data-autoplay=\"no\" data-loop=\"no\" style=\"\"><div id=\"su_audio_player_6a050bdc15113\" class=\"jp-jplayer\"><\/div><div id=\"su_audio_player_6a050bdc15113_container\" class=\"jp-audio\"><div class=\"jp-type-single\"><div class=\"jp-gui jp-interface\"><div class=\"jp-controls\"><span class=\"jp-play\"><\/span><span class=\"jp-pause\"><\/span><span class=\"jp-stop\"><\/span><span class=\"jp-mute\"><\/span><span class=\"jp-unmute\"><\/span><span class=\"jp-volume-max\"><\/span><\/div><div class=\"jp-progress\"><div class=\"jp-seek-bar\"><div class=\"jp-play-bar\"><\/div><\/div><\/div><div class=\"jp-volume-bar\"><div class=\"jp-volume-bar-value\"><\/div><\/div><div class=\"jp-current-time\"><\/div><div class=\"jp-duration\"><\/div><\/div><div class=\"jp-title\"><\/div><\/div><\/div><\/div>\n<p style=\"text-align: center;\"><strong>I<\/strong><\/p>\n<p style=\"text-align: center;\">Soy Alumno De La Salle<br \/>\nEn Quisqueya tierra mia<br \/>\nAprendiendo cada d\u00eda<br \/>\nFe en la Patria<br \/>\nAmor a Dios<\/p>\n<p style=\"text-align: center;\"><strong>II<\/strong><\/p>\n<p style=\"text-align: center;\">Estudiando y luchando<br \/>\nCon entusiando seguir\u00e9<br \/>\nPor mis padres que amo tanto<br \/>\nCon mi esfuerzo triunfar\u00e9<\/p>\n<p style=\"text-align: center;\"><strong>III<\/strong><\/p>\n<p style=\"text-align: center;\">Y de S\u00e1nchez, Mella y Duarte<br \/>\nTras la huella luminosa<br \/>\nEstas aulas amorosas<br \/>\nNos convidan a seguir<\/p>\n<p style=\"text-align: center;\"><strong>IV<\/strong><\/p>\n<p style=\"text-align: center;\">Juventud dominicana<br \/>\nDe La Salle agradecida<br \/>\nSeguiremos tras la estrella<br \/>\nDe Dios, Patria y Libertad<\/p>\n<p style=\"text-align: center;\"><strong>V<\/strong><\/p>\n<p style=\"text-align: center;\">Soy Alumno De La Salle<br \/>\nEn Quisqueya tierra mi<br \/>\nAprendiendo cada d\u00eda<br \/>\nFe en la Patria<br \/>\nAmor a Dios<\/p>\n<p style=\"text-align: center;\"><strong>VI<\/strong><\/p>\n<p style=\"text-align: center;\">Estudiando y Luchando<br \/>\nCon entusiando seguir\u00e9<br \/>\nPor mis padres que amo tanto<br \/>\nCon mi esfuerzo triunfar\u00e9<\/p>\n","protected":false},"excerpt":{"rendered":"<p>Letras del Himno del Colegio Dominicano De La Salle I Soy Alumno De La Salle En Quisqueya tierra mia Aprendiendo cada d\u00eda Fe en la Patria Amor a Dios II Estudiando y luchando Con entusiando seguir\u00e9 Por mis padres que amo tanto Con mi esfuerzo triunfar\u00e9 III Y de S\u00e1nchez, Mella y Duarte Tras la [&hellip;]<\/p>\n","protected":false},"author":4,"featured_media":0,"parent":0,"menu_order":0,"comment_status":"closed","ping_status":"closed","template":"","meta":{"footnotes":""},"class_list":["post-6268","page","type-page","status-publish","hentry"],"_links":{"self":[{"href":"https:\/\/www.lasalle.edu.do\/portal\/wp-json\/wp\/v2\/pages\/6268","targetHints":{"allow":["GET"]}}],"collection":[{"href":"https:\/\/www.lasalle.edu.do\/portal\/wp-json\/wp\/v2\/pages"}],"about":[{"href":"https:\/\/www.lasalle.edu.do\/portal\/wp-json\/wp\/v2\/types\/page"}],"author":[{"embeddable":true,"href":"https:\/\/www.lasalle.edu.do\/portal\/wp-json\/wp\/v2\/users\/4"}],"replies":[{"embeddable":true,"href":"https:\/\/www.lasalle.edu.do\/portal\/wp-json\/wp\/v2\/comments?post=6268"}],"version-history":[{"count":11,"href":"https:\/\/www.lasalle.edu.do\/portal\/wp-json\/wp\/v2\/pages\/6268\/revisions"}],"predecessor-version":[{"id":6399,"href":"https:\/\/www.lasalle.edu.do\/portal\/wp-json\/wp\/v2\/pages\/6268\/revisions\/6399"}],"wp:attachment":[{"href":"https:\/\/www.lasalle.edu.do\/portal\/wp-json\/wp\/v2\/media?parent=6268"}],"curies":[{"name":"wp","href":"https:\/\/api.w.org\/{rel}","templated":true}]}}