{"id":6261,"date":"2016-04-25T16:57:05","date_gmt":"2016-04-25T16:57:05","guid":{"rendered":"http:\/\/lasalle.edu.do\/portal\/?page_id=6261"},"modified":"2016-05-08T02:22:13","modified_gmt":"2016-05-08T02:22:13","slug":"educacion-basica","status":"publish","type":"page","link":"https:\/\/www.lasalle.edu.do\/portal\/educacion-basica\/","title":{"rendered":"Educaci\u00f3n B\u00e1sica I"},"content":{"rendered":"<blockquote><p>\u00a0De La Salle: Una gran familia<\/p><\/blockquote>\n<div class=\"su-quote su-quote-style-default su-quote-has-cite\"><div class=\"su-quote-inner su-u-clearfix su-u-trim\">Siempre habr\u00e1 personas destinadas a hacer nacer flores all\u00ed donde se pensaba que no iba a ser posible<span class=\"su-quote-cite\">Paulo Freire<\/span><\/div><\/div>\n<p><a href=\"http:\/\/lasalle.edu.do\/portal\/san-juan-bautista-de-la-salle\/\">San Juan Bautista De La Salle (1651-1719)<\/a>, sacerdote visionario, comprendi\u00f3 a tiempo que era necesario instaurar una nueva forma de educar, percibi\u00f3 el acto educativo desde una dimensi\u00f3n relacional y entendi\u00f3 que era preciso integrar a los tres agentes que intervienen en el proceso educativo: La familia, los maestros y los propios educandos. Fundador de la Congregaci\u00f3n de las Escuelas Cristianas, mejor conocida como Congregaci\u00f3n de los Hermanos De La Salle, fue declarado por la Iglesia Patrono Universal de los Educadores y Educadoras, el 15 de mayo de 1950. El Colegio Dominicano De La Salle forma parte de la gran familia lasallista con presencia educativa en m\u00e1s de 80 pa\u00edses del mundo.<\/p>\n<blockquote><p>Conociendo B\u00e1sica I<\/p><\/blockquote>\n<p>La estructura organizativa del <strong>Colegio Dominicano De La Salle<\/strong> responde a los lineamientos del <a href=\"http:\/\/www.minerd.gob.do\/Pages\/inicio.aspx\" target=\"_blank\">Ministerio de Educaci\u00f3n<\/a>. Pertenecemos al Primer Ciclo del Nivel B\u00e1sico, al que denominamos B\u00e1sica I, el cual comprende <strong>Primero, Segundo, Tercero y Cuarto grado.<\/strong><\/p>\n<blockquote><p>Perfil de los estudiantes de B\u00e1sica I<\/p><\/blockquote>\n<div class=\"su-list\" style=\"margin-left:0px\">\n<ul>\n<li><i class=\"sui sui-star\" style=\"color:#333\"><\/i> En esta etapa de la vida se inicia, un complejo proceso de construcci\u00f3n de nuevos conocimientos. Este desarrollo cognitivo es el que posibilita los aprendizajes propuestos para este nivel en las diferentes \u00e1reas del conocimiento.<\/li>\n<li><i class=\"sui sui-star\" style=\"color:#333\"><\/i> Los \/as ni\u00f1os\/as comienzan a reparar en los elementos o componentes de los objetos, saben que las diferencias entre objetos semejantes son cuantificables y medibles, eval\u00faan las relaciones de causa y efecto en primera instancia, en presencia de los objetos y posteriormente con su representaci\u00f3n.<\/li>\n<li><i class=\"sui sui-star\" style=\"color:#333\"><\/i> La construcci\u00f3n del conocimiento adquiere formas m\u00e1s complejas y refinadas, conforme exploran activamente su ambiente f\u00edsico, se hacen preguntas a s\u00ed mismos y a s\u00ed mismas y tratan de responderlas con las experiencias acumuladas en la interacci\u00f3n con el entorno y con los otros, desde las realidades culturales que les son propias.<\/li>\n<li><i class=\"sui sui-star\" style=\"color:#333\"><\/i> En este nivel los y las estudiantes desarrollan la capacidad de expresarse mediante la escritura, dan por tanto el salto cualitativo del lenguaje oral al escrito, expresan significados para comunicarse con los dem\u00e1s, empleando otros recursos diferentes, que se van ampliando, perfeccionando y puliendo mediante las demandas y aportes de la escuela, la familia y la sociedad.<\/li>\n<li><i class=\"sui sui-star\" style=\"color:#333\"><\/i> En los primeros a\u00f1os de vida, los ni\u00f1os aprenden las normas de buena conducta sin entender todav\u00eda su sentido y sin ser capaces de guiar su actuaci\u00f3n de acuerdo con ellas (egocentrismo).<\/li>\n<li><i class=\"sui sui-star\" style=\"color:#333\"><\/i> Es a partir de los 6 a\u00f1os cuando empieza a desarrollarse el sentido de la norma, y hasta los 10 a\u00f1os el \u00e9nfasis se encuentra en el control externo. Los\/as ni\u00f1os\/as observan los patrones de otros y responden a las reglas ya sea para evitar el castigo o para obtener recompensas. Tiempo propicio para la formaci\u00f3n de h\u00e1bitos.<\/li>\n<li><i class=\"sui sui-star\" style=\"color:#333\"><\/i> Esta es la fase de culto al hero\u00edsmo y la gran credibilidad. &#8211; El inter\u00e9s en el sexo opuesto es m\u00ednimo. Los muchachos prefieren estar solos mientras que las muchachas escogen su propio grupo y se inician en la formaci\u00f3n de equipos.<\/li>\n<li><i class=\"sui sui-star\" style=\"color:#333\"><\/i> Esta es la edad de un vivo inter\u00e9s por las cosas espirituales y la participaci\u00f3n en la vida de la iglesia.<\/li>\n<\/ul>\n<\/div>\n<blockquote><p>Los prop\u00f3sitos que han de alcanzar los y las estudiantes egresados del nivel B\u00e1sico, se expresan en las siguientes dimensiones. Sujetos que:<\/p><\/blockquote>\n<div class=\"su-list\" style=\"margin-left:0px\">\n<ul>\n<li><i class=\"sui sui-star\" style=\"color:#333\"><\/i> Construyen sus conocimientos y saberes.<\/li>\n<li><i class=\"sui sui-star\" style=\"color:#333\"><\/i> Desarrollan actitudes y destrezas para el trabajo.<\/li>\n<li><i class=\"sui sui-star\" style=\"color:#333\"><\/i> Se asumen como sujetos democr\u00e1ticos.<\/li>\n<li><i class=\"sui sui-star\" style=\"color:#333\"><\/i> Son capaces de expresarse en formas diferentes.<\/li>\n<li><i class=\"sui sui-star\" style=\"color:#333\"><\/i> Descubren la trascendencia del Proyecto Evang\u00e9lico de Dios en sus vidas.<\/li>\n<\/ul>\n<\/div>\n<blockquote><p>Proyectos prioritarios para promover el aprendizaje significativo.<\/p><\/blockquote>\n<p><strong>\u00c1rea de Lengua espa\u00f1ola<\/strong><\/p>\n<div class=\"su-list\" style=\"margin-left:0px\">\n<ul>\n<li><i class=\"sui sui-star\" style=\"color:#333\"><\/i> Proyecto de animaci\u00f3n lectora, incluye diferentes estrategias: Proyecto de Biblioteca Infantil: La mochila de la imaginaci\u00f3n<\/li>\n<li><i class=\"sui sui-star\" style=\"color:#333\"><\/i> Campa\u00f1a: \u00bfPapi, Mami, me lees un cuento?<\/li>\n<li><i class=\"sui sui-star\" style=\"color:#333\"><\/i> Plan lector. &#8211; De lectores a escritores.<\/li>\n<li><i class=\"sui sui-star\" style=\"color:#333\"><\/i> Proyecto libro viajero.<\/li>\n<li><i class=\"sui sui-star\" style=\"color:#333\"><\/i> Proyecto de \u201cLectores Cr\u00edticos\u201d. Incluida la familia.<\/li>\n<li><i class=\"sui sui-star\" style=\"color:#333\"><\/i> Proyecto de enriquecimiento de la lecto\u2013escritura, para 1er. y 2do. Grado.<\/li>\n<li><i class=\"sui sui-star\" style=\"color:#333\"><\/i> Conociendo a mi amigo el diccionario.<\/li>\n<li><i class=\"sui sui-star\" style=\"color:#333\"><\/i> Aprendo, sue\u00f1o y me divierto con poes\u00edas, trabalenguas, rimas y cuentos.<\/li>\n<\/ul>\n<\/div>\n<p>\u00c1rea de Matem\u00e1ticas:<\/p>\n<p>&#8211; El curioso mundo de las matem\u00e1ticas. &#8211; Olimp\u00edadas de matem\u00e1ticas. &#8211; Descubro lo divertido de las matem\u00e1ticas con agua y arena (Las medidas). &#8211; \u00a1Qu\u00e9 rico es alimentarse con fracciones! &#8211; Aprendo la hora jugando al relojero.<\/p>\n<p>\u00c1rea de Ciencias Sociales:<\/p>\n<p>&#8211; Semana de la identidad y diversidad cultural &#8211; Semana de la Geograf\u00eda. &#8211; Una Patria a la que amo en sus s\u00edmbolos, en sus h\u00e9roes y hero\u00ednas. &#8211; Proyecto \u201cDescubro mi pa\u00eds\u201d con la integraci\u00f3n de las distintas \u00e1reas curriculares. &#8211; \u00a1As\u00ed es mi pa\u00eds!<\/p>\n<p>\u00c1rea de Ciencias Naturales: &#8211; Semana de la alimentaci\u00f3n. &#8211; Salud bucal &#8211; Reciclando salvamos el planeta &#8211; Soy explorador de los alimentos. &#8211; Elaboraci\u00f3n de quesos.<\/p>\n<p>Educaci\u00f3n en la Fe:<\/p>\n<p>Primera Comuni\u00f3n. &#8211; Proyectos de Solidaridad &#8211; Sacramentos &#8211; Educaci\u00f3n en valores Lenguas extranjeras: &#8211; Feria cultural extranjera &#8211; Una aldea global &#8211; Celebraci\u00f3n del d\u00eda Panamericano Educaci\u00f3n Art\u00edstica \u2013<\/p>\n<p>Educaci\u00f3n Musical (desde inicial hasta 4to. De B\u00e1sica) &#8211; Coro Voces de \u00c1ngeles (alumnos\/as de 2do. Y 3ro. de B\u00e1sica) &#8211; Coro Infantil De La Salle (alumnos\/as de 4to. a 8vo. de B\u00e1sica) &#8211; Carnaval infantil (desde Inicial hasta 6to. de B\u00e1sica) &#8211; Despierta tu creatividad (Clases de arte de 1ro. a 4to.)<\/p>\n<p>Educaci\u00f3n F\u00edsica y Deportes: &#8211; Intramuros de cada disciplina deportiva impartida.<\/p>\n<p>Actividades que promueven la integraci\u00f3n familiar:<\/p>\n<ul>\n<li>Fiesta de los abuelos (noviembre) \u2022 Pasad\u00eda familiar (noviembre) \u2022 Velada navide\u00f1a (diciembre) \u2022 Una Patria a la que amo en sus s\u00edmbolos, en sus h\u00e9roes y hero\u00ednas (febrero) \u2022 Fiesta dedicada a Pap\u00e1 (marzo) \u2022 Celebraci\u00f3n del d\u00eda de las madres (mayo)<\/li>\n<\/ul>\n<p>Colaboraci\u00f3n de las familias.<\/p>\n<p>La Pedagog\u00eda De La Salle destaca el trabajo colaborativo de los agentes principales en la comunidad educativa: la familia, los maestros y los educandos, que son nuestra raz\u00f3n de ser. Es por esto que necesitamos mantener la comunicaci\u00f3n Familia \u2013 Escuela como un componente esencial para el logro de los objetivos propuestos, y juntos crear las bases para acompa\u00f1ar a los ni\u00f1os y ni\u00f1as desde sus tempranas edades, para que desarrollen las capacidades, actitudes y valores que favorezcan un adecuado desempe\u00f1o en su vida presente y futura, a la luz de los pilares fundamentales lasallistas de: Fe, Fraternidad y Servicio. En virtud de esto, esperamos su integraci\u00f3n para el seguimiento cotidiano en los siguientes aspectos: \u2022 Facilitando la puntualidad. \u2022 Velando por el uso correcto del uniforme. \u2022 Apoyando al profesorado en las medidas pedag\u00f3gicas. \u2022 Conociendo el reglamento escolar y dando seguimiento a su cumplimiento. \u2022 Estando familiarizados con los criterios de evaluaci\u00f3n. \u2022 Participando activamente en las actividades programadas. \u2022 Asistiendo a las reuniones que se les convocan. \u2022 Manteniendo entrevistas con el profesor titular y otros u otras en los casos que sea necesario. \u2022 Proporcionando los materiales necesarios y estimulando la preparaci\u00f3n de la mochila la noche anterior a clases. \u2022 Expresando al profesor su punto de vista sobre la formaci\u00f3n que recibe su hijo\/a. \u2022 Mostrando inter\u00e9s por las actividades que realiza su hijo\/a. \u2022 Acompa\u00f1ando a su hijo\/a en la realizaci\u00f3n de tareas. \u2022 Revisando el trabajo realizado y las tareas. \u2022 Siendo delegado\/a de curso. \u2022 Participando de la Escuela de Padres y Madres De La Salle, un espacio de formaci\u00f3n permanente para las familias. *Para favorecer el di\u00e1logo con los padres se ha previsto un espacio en el horario de cada profesor\/a para recibir a las familias, previa cita.<\/p>\n<p>&nbsp;<\/p>\n","protected":false},"excerpt":{"rendered":"<p>\u00a0De La Salle: Una gran familia San Juan Bautista De La Salle (1651-1719), sacerdote visionario, comprendi\u00f3 a tiempo que era necesario instaurar una nueva forma de educar, percibi\u00f3 el acto educativo desde una dimensi\u00f3n relacional y entendi\u00f3 que era preciso integrar a los tres agentes que intervienen en el proceso educativo: La familia, los maestros [&hellip;]<\/p>\n","protected":false},"author":4,"featured_media":0,"parent":0,"menu_order":0,"comment_status":"closed","ping_status":"closed","template":"","meta":{"footnotes":""},"class_list":["post-6261","page","type-page","status-publish","hentry"],"_links":{"self":[{"href":"https:\/\/www.lasalle.edu.do\/portal\/wp-json\/wp\/v2\/pages\/6261","targetHints":{"allow":["GET"]}}],"collection":[{"href":"https:\/\/www.lasalle.edu.do\/portal\/wp-json\/wp\/v2\/pages"}],"about":[{"href":"https:\/\/www.lasalle.edu.do\/portal\/wp-json\/wp\/v2\/types\/page"}],"author":[{"embeddable":true,"href":"https:\/\/www.lasalle.edu.do\/portal\/wp-json\/wp\/v2\/users\/4"}],"replies":[{"embeddable":true,"href":"https:\/\/www.lasalle.edu.do\/portal\/wp-json\/wp\/v2\/comments?post=6261"}],"version-history":[{"count":14,"href":"https:\/\/www.lasalle.edu.do\/portal\/wp-json\/wp\/v2\/pages\/6261\/revisions"}],"predecessor-version":[{"id":6497,"href":"https:\/\/www.lasalle.edu.do\/portal\/wp-json\/wp\/v2\/pages\/6261\/revisions\/6497"}],"wp:attachment":[{"href":"https:\/\/www.lasalle.edu.do\/portal\/wp-json\/wp\/v2\/media?parent=6261"}],"curies":[{"name":"wp","href":"https:\/\/api.w.org\/{rel}","templated":true}]}}