{"id":6047,"date":"2016-02-28T03:33:18","date_gmt":"2016-02-28T03:33:18","guid":{"rendered":"http:\/\/lasalle.edu.do\/portal\/?page_id=6047"},"modified":"2016-05-06T04:10:11","modified_gmt":"2016-05-06T04:10:11","slug":"elementos-esenciales","status":"publish","type":"page","link":"https:\/\/www.lasalle.edu.do\/portal\/elementos-esenciales\/","title":{"rendered":"Elementos Esenciales"},"content":{"rendered":"<blockquote><p>Elementos que caracterizan al Colegio Dominicano De La Salle en la Rep\u00fablica Dominicana<\/p><\/blockquote>\n<div class=\"su-table su-table-alternate\">\n<table>\n<tbody>\n<tr>\n<td><\/td>\n<td>Caracter\u00edstica<\/td>\n<\/tr>\n<tr>\n<td>1<\/td>\n<td>Educa a ni\u00f1os, ni\u00f1as y j\u00f3venes para que logren su desarrollo integral en las dimensiones: individual, social y trascendente.<\/td>\n<\/tr>\n<tr>\n<td>2<\/td>\n<td>Anuncia el evangelio de manera expl\u00edcita entre los integrantes de la comunidad educativa, \u00a0a trav\u00e9s de un \u00a0 Proyecto Pastoral, desde el cual se desarrollan estrategias para todas las edades, adecuadas a ni\u00f1os, ni\u00f1as, j\u00f3venes y personas adultas.<\/td>\n<\/tr>\n<tr>\n<td>3<\/td>\n<td>Educa \u00a0con la intencionalidad de formar hombres y mujeres \u00a0con \u00a0Fe en Dios, con esp\u00edritu de servicio, sentido de justicia y \u00a0compromiso \u00a0\u00e9tico por una \u00a0sociedad mejor.<\/td>\n<\/tr>\n<tr>\n<td>4<\/td>\n<td>Parte del contexto local, nacional \u00a0e \u00a0internacional, \u00a0como referente para la acci\u00f3n educativa. Tomando \u00a0en cuenta las nuevas pobrezas \u00a0que afectan a los actores principales: los y las estudiantes y los y las docentes.<\/td>\n<\/tr>\n<tr>\n<td>5<\/td>\n<td>Contribuye al \u00a0desarrollo de una identidad personal, social y nacional de los y las estudiantes.<\/td>\n<\/tr>\n<tr>\n<td>6<\/td>\n<td>Facilita \u00a0una inserci\u00f3n cr\u00edtica, creativa y eficiente en la sociedad aportando al \u00a0desarrollo y transformaci\u00f3n de la misma.<\/td>\n<\/tr>\n<tr>\n<td>7<\/td>\n<td>Forma \u00a0en valores:<\/p>\n<ul>\n<li>Respeto a la persona humana<\/li>\n<li>Amor a Dios y a la Patria<\/li>\n<li>Educaci\u00f3n de calidad<\/li>\n<li>Educaci\u00f3n en la libertad<\/li>\n<li>Educaci\u00f3n para la solidaridad<\/li>\n<\/ul>\n<\/td>\n<\/tr>\n<tr>\n<td>8<\/td>\n<td>Gestiona el \u00a0aprendizaje \u00a0a partir \u00a0de las \u00a0diferencias y necesidades individuales \u00a0y colectivas de todos y todas los y las estudiantes, facilitando una educaci\u00f3n inclusiva.<\/td>\n<\/tr>\n<tr>\n<td>9<\/td>\n<td>Comprometido con la calidad educativa, expresado (este compromiso) \u00a0en diversidad de \u00a0 estrategias \u00a0para \u00a0 facilitar \u00a0 el aprendizaje y el \u00a0 desarrollo de talentos \u00a0en diversos campos, a nivel acad\u00e9mico, art\u00edstico cultural, deportivo, entre otros.<\/td>\n<\/tr>\n<tr>\n<td>10<\/td>\n<td>Promueve un estilo \u00a0pedag\u00f3gico, que tiene \u201c<strong>la \u00a0persona<\/strong>\u201d \u00a0como centro \u00a0del proyecto educativo. Por un lado el estudiante y por otro, la comunidad de docentes como facilitadora de un desarrollo arm\u00f3nico.<\/td>\n<\/tr>\n<tr>\n<td>11<\/td>\n<td>El acto educativo \u00a0se desarrolla \u00a0en un marco \u00a0de sana convivencia y \u00a0respeto a los derechos de cada uno y cada una de las \u00a0personas que integran la comunidad educativa.<\/td>\n<\/tr>\n<tr>\n<td>12<\/td>\n<td>Ha ido construyendo un curriculum y una cultura \u00a0para el desarrollo de una vida digna, individual y colectiva.<\/td>\n<\/tr>\n<tr>\n<td>13<\/td>\n<td>Eval\u00faa los aprendizajes de manera sistem\u00e1tica, con sentido de responsabilidad y con la \u00a0intencionalidad de producir mejora.<\/td>\n<\/tr>\n<tr>\n<td>14<\/td>\n<td>Es una \u00a0comunidad que educa y aprende a partir \u00a0de la autoevaluaci\u00f3n y evaluaci\u00f3n de todos sus integrantes. Eval\u00faa el \u00a0desempe\u00f1o de su personal docente \u00a0teniendo como referencia \u00a0la pr\u00e1ctica y su enriquecimiento.<\/td>\n<\/tr>\n<tr>\n<td>15<\/td>\n<td>Promueve \u00a0la actualizaci\u00f3n \u00a0permanente para mejorar \u00a0 las \u00a0 competencias \u00a0profesionales del personal \u00a0docente.<\/td>\n<\/tr>\n<tr>\n<td>16<\/td>\n<td>Gestiona el aprendizaje en un clima de \u00a0armon\u00eda y entusiasmo.<\/td>\n<\/tr>\n<tr>\n<td>17<\/td>\n<td>Asume la innovaci\u00f3n como desaf\u00edo permanente para el logro de la calidad.<\/td>\n<\/tr>\n<tr>\n<td>18<\/td>\n<td>Ha ido definiendo \u00a0estructuras \u00a0de car\u00e1cter colegiado, con la intenci\u00f3n de generar procesos m\u00e1s participativos y transparentes para la toma de decisiones sobre diferentes aspectos de la vida institucional.<\/td>\n<\/tr>\n<tr>\n<td>19<\/td>\n<td>Es un Centro que genera \u00a0sentido de \u00a0pertenencia \u00a0a la familia de La Salle entre sus integrantes.<\/td>\n<\/tr>\n<tr>\n<td>20<\/td>\n<td>Promueve la integraci\u00f3n escuela &#8211; familia, para lo cual desarrolla diversas estrategias.<\/td>\n<\/tr>\n<\/tbody>\n<\/table>\n<\/div>\n","protected":false},"excerpt":{"rendered":"<p>Elementos que caracterizan al Colegio Dominicano De La Salle en la Rep\u00fablica Dominicana<\/p>\n","protected":false},"author":4,"featured_media":0,"parent":0,"menu_order":0,"comment_status":"closed","ping_status":"closed","template":"","meta":{"footnotes":""},"class_list":["post-6047","page","type-page","status-publish","hentry"],"_links":{"self":[{"href":"https:\/\/www.lasalle.edu.do\/portal\/wp-json\/wp\/v2\/pages\/6047","targetHints":{"allow":["GET"]}}],"collection":[{"href":"https:\/\/www.lasalle.edu.do\/portal\/wp-json\/wp\/v2\/pages"}],"about":[{"href":"https:\/\/www.lasalle.edu.do\/portal\/wp-json\/wp\/v2\/types\/page"}],"author":[{"embeddable":true,"href":"https:\/\/www.lasalle.edu.do\/portal\/wp-json\/wp\/v2\/users\/4"}],"replies":[{"embeddable":true,"href":"https:\/\/www.lasalle.edu.do\/portal\/wp-json\/wp\/v2\/comments?post=6047"}],"version-history":[{"count":11,"href":"https:\/\/www.lasalle.edu.do\/portal\/wp-json\/wp\/v2\/pages\/6047\/revisions"}],"predecessor-version":[{"id":6390,"href":"https:\/\/www.lasalle.edu.do\/portal\/wp-json\/wp\/v2\/pages\/6047\/revisions\/6390"}],"wp:attachment":[{"href":"https:\/\/www.lasalle.edu.do\/portal\/wp-json\/wp\/v2\/media?parent=6047"}],"curies":[{"name":"wp","href":"https:\/\/api.w.org\/{rel}","templated":true}]}}