{"id":6035,"date":"2016-02-28T03:10:52","date_gmt":"2016-02-28T03:10:52","guid":{"rendered":"http:\/\/lasalle.edu.do\/portal\/?page_id=6035"},"modified":"2016-02-28T03:10:52","modified_gmt":"2016-02-28T03:10:52","slug":"dimension-individual","status":"publish","type":"page","link":"https:\/\/www.lasalle.edu.do\/portal\/dimension-individual\/","title":{"rendered":"Dimensi\u00f3n Individual"},"content":{"rendered":"<blockquote><p><strong>6.1.1 Educaci\u00f3n en la libertad.<\/strong><\/p><\/blockquote>\n<p>Crear un clima de respeto mutuo y confianza para fomentar la participaci\u00f3n efectiva y responsable de los alumnos en la vida del Colegio, con el fin de facilitar el desarrollo personal de cada uno.<\/p>\n<blockquote><p><strong>6.1.2 Educaci\u00f3n personalizada.<\/strong><\/p><\/blockquote>\n<p>Orientar a cada alumno en sus capacidades y en su personalidad, estimulando ante todo su auto-descubrimiento como sujeto, su conciencia, la reflexi\u00f3n sobre ella misma, el descubrimiento sobre su originalidad irreductible, su creatividad e iniciativa, su criticidad para discernir entre lo verdadero y lo falso y, finalmente, su participaci\u00f3n activa en todo su proceso educativo mediante una metodolog\u00eda apropiada.<\/p>\n<blockquote><p><strong>6.1.3 Conciencia de profesionalidad.<\/strong><\/p><\/blockquote>\n<p>Promover la seriedad y responsabilidad en el estudio, en la formaci\u00f3n y en el comportamiento como exigencia de un deber profesional y como medio de integrarse a la sociedad actual y futura.<\/p>\n<blockquote><p><strong>6.1.4 Sentido de pertenencia a la comunidad dominicana.<\/strong><\/p><\/blockquote>\n<p>Cultivar el conocimiento del contexto social y cultural patrio en di\u00e1logo con las otras diversas culturas y, desde aqu\u00ed, solidarizarse con los dem\u00e1s pueblos de la comunidad de naciones.<\/p>\n","protected":false},"excerpt":{"rendered":"<p>6.1.1 Educaci\u00f3n en la libertad. Crear un clima de respeto mutuo y confianza para fomentar la participaci\u00f3n efectiva y responsable de los alumnos en la vida del Colegio, con el fin de facilitar el desarrollo personal de cada uno. 6.1.2 Educaci\u00f3n personalizada. Orientar a cada alumno en sus capacidades y en su personalidad, estimulando ante [&hellip;]<\/p>\n","protected":false},"author":4,"featured_media":0,"parent":0,"menu_order":0,"comment_status":"closed","ping_status":"closed","template":"","meta":{"footnotes":""},"class_list":["post-6035","page","type-page","status-publish","hentry"],"_links":{"self":[{"href":"https:\/\/www.lasalle.edu.do\/portal\/wp-json\/wp\/v2\/pages\/6035","targetHints":{"allow":["GET"]}}],"collection":[{"href":"https:\/\/www.lasalle.edu.do\/portal\/wp-json\/wp\/v2\/pages"}],"about":[{"href":"https:\/\/www.lasalle.edu.do\/portal\/wp-json\/wp\/v2\/types\/page"}],"author":[{"embeddable":true,"href":"https:\/\/www.lasalle.edu.do\/portal\/wp-json\/wp\/v2\/users\/4"}],"replies":[{"embeddable":true,"href":"https:\/\/www.lasalle.edu.do\/portal\/wp-json\/wp\/v2\/comments?post=6035"}],"version-history":[{"count":1,"href":"https:\/\/www.lasalle.edu.do\/portal\/wp-json\/wp\/v2\/pages\/6035\/revisions"}],"predecessor-version":[{"id":6036,"href":"https:\/\/www.lasalle.edu.do\/portal\/wp-json\/wp\/v2\/pages\/6035\/revisions\/6036"}],"wp:attachment":[{"href":"https:\/\/www.lasalle.edu.do\/portal\/wp-json\/wp\/v2\/media?parent=6035"}],"curies":[{"name":"wp","href":"https:\/\/api.w.org\/{rel}","templated":true}]}}