{"id":6018,"date":"2016-02-28T02:40:44","date_gmt":"2016-02-28T02:40:44","guid":{"rendered":"http:\/\/lasalle.edu.do\/portal\/?page_id=6018"},"modified":"2016-02-28T03:00:51","modified_gmt":"2016-02-28T03:00:51","slug":"dimension-trascendente","status":"publish","type":"page","link":"https:\/\/www.lasalle.edu.do\/portal\/dimension-trascendente\/","title":{"rendered":"Dimensi\u00f3n Trascendente"},"content":{"rendered":"<blockquote>\n<div id=\"sectitle\"><strong>6.3.1 Comunidad de fe.<\/strong><\/div>\n<\/blockquote>\n<div id=\"contenido_reg\" align=\"justify\">\n<p>Fomentar actitudes evang\u00e9licas de libertad, caridad y fe a trav\u00e9s del conocimiento y aceptaci\u00f3n mutua de todos los<br \/>\nmiembros de la Comunidad Educativa, del di\u00e1logo, del esp\u00edritu de servicio abnegado y del amor; pues la caracter\u00edstica esencial de la escuela cristiana es la promoci\u00f3n de los valores humanos en referencia constante a Cristo y al Evangelio.<\/p>\n<blockquote>\n<div id=\"sectitle\"><strong>6.3.2 Educaci\u00f3n de la fe.<\/strong><\/div>\n<\/blockquote>\n<div id=\"contenido_reg\" align=\"justify\">\n<p>El <strong>Colegio Domincano de la Salle<\/strong> espera que:<\/p>\n<p>6.3.2.1 Los padres, lejos de declinar su responsabilidad al confiar a sus hijos a una escuela cat\u00f3lica, colaboren en la realizaci\u00f3n del Proyecto Educativo seg\u00fan las exigencias de una vida cristiana aut\u00e9ntica.<\/p>\n<p>6.3.2.2 Los educadores se comprometan a una ense\u00f1anza de calidad de inspiraci\u00f3n cristiana y cumplan este compromiso en todas sus ense\u00f1anzas y conductas.<\/p>\n<p>Los educadores <img loading=\"lazy\" decoding=\"async\" class=\"wp-image-6025 alignleft\" src=\"http:\/\/lasalle.edu.do\/portal\/wp-content\/uploads\/2016\/02\/salle_comfe-300x300.jpg\" alt=\"salle_comfe\" width=\"420\" height=\"420\" srcset=\"https:\/\/www.lasalle.edu.do\/portal\/wp-content\/uploads\/2016\/02\/salle_comfe-300x300.jpg 300w, https:\/\/www.lasalle.edu.do\/portal\/wp-content\/uploads\/2016\/02\/salle_comfe-150x150.jpg 150w, https:\/\/www.lasalle.edu.do\/portal\/wp-content\/uploads\/2016\/02\/salle_comfe-768x768.jpg 768w, https:\/\/www.lasalle.edu.do\/portal\/wp-content\/uploads\/2016\/02\/salle_comfe-1024x1024.jpg 1024w, https:\/\/www.lasalle.edu.do\/portal\/wp-content\/uploads\/2016\/02\/salle_comfe-700x700.jpg 700w, https:\/\/www.lasalle.edu.do\/portal\/wp-content\/uploads\/2016\/02\/salle_comfe-180x180.jpg 180w, https:\/\/www.lasalle.edu.do\/portal\/wp-content\/uploads\/2016\/02\/salle_comfe-600x600.jpg 600w, https:\/\/www.lasalle.edu.do\/portal\/wp-content\/uploads\/2016\/02\/salle_comfe-45x45.jpg 45w, https:\/\/www.lasalle.edu.do\/portal\/wp-content\/uploads\/2016\/02\/salle_comfe.jpg 1400w\" sizes=\"auto, (max-width: 420px) 100vw, 420px\" \/>miembros religiosos del <a href=\"http:\/\/www.lasalle.org\/en\/\" target=\"_blank\">Instituto Lasallista<\/a>, ofrezcan el testimonio de su consagraci\u00f3n personal y la riqueza pec<br \/>\nuliar de su carisma fundacional y de su tradici\u00f3n educativa.<\/p>\n<p>Los educadores cristianos laicos aporten a su vez su competencia profesional y el testimonio de su vida cristiana, vivida de manera coherente.<\/p>\n<p>6.2.3.3 Los alumnos acepten el Proyecto Educativo del <strong>Colegio Dominicano de la Salle<\/strong>, el cual les propone una manera de ser y una raz\u00f3n de vivir en referencia a la persona de Jesucristo, presente en la comunidad eclesial y en el mundo.<\/p>\n<p>6.3.2.4 La formaci\u00f3n cristiana se tenga en cuenta no s\u00f3lo en la formaci\u00f3n religiosa sino que trascienda y comprometa tambi\u00e9n otras actividades y \u00e1reas escolares.<\/p>\n<p>6.3.2.5 El ambiente religioso, el sentido de comunidad, los s\u00edmbolos, la organizaci\u00f3n y las prioridades indiquen a las claras el car\u00e1cter cristiano del centro.<\/p>\n<p>6.3.2.6 Se ofrezcan oportunidades para la proclamaci\u00f3n de la Palabra, la celebraci\u00f3n de la Eucarist\u00eda, la recepci\u00f3n de la Reconciliaci\u00f3n, los momentos de oraci\u00f3n y reflexi\u00f3n, la vida sacramental, retiros, convivencias y direcci\u00f3n espiritual.<\/p>\n<p>6.3.2.7 Se favorezca la maduraci\u00f3n de la fe de los alumnos y la integraci\u00f3n en grupos o comunidades comprometidos en la vivencia de su fe cristiana, abiertos a los dem\u00e1s, proyectados en obras sociales de solidaridad al pr\u00f3jimo y de promoci\u00f3n de la justicia.<\/p>\n<p>7. <strong>El Colegio Dominicano de la Salle<\/strong> cree en el hecho educativo como realidad din\u00e1mica y como proceso cambiante; de ello se desprende la revisi\u00f3n peri\u00f3dica, cr\u00edtica y evaluadora de su actividad, de sus estructuras y de los resultados de su educaci\u00f3n para que sea coherente con este Ideario y con el pensamiento de su Fundador<\/p>\n<blockquote><p>\u00abPromoveremos el bien ense\u00f1ando todo cuanto ata\u00f1e a nuestro ministerio en relaci\u00f3n con la vida presente uniendo la formaci\u00f3n cristiana a la humana, sin lo cual, nuestro trabajo ser\u00eda de poco provecho\u00bb.<\/p><\/blockquote>\n<p><a href=\"http:\/\/www.lasalle.org\/wp-content\/uploads\/pdf\/estudios_lasalianos\/ocjbs_es\/07-meditaciones.pdf\">(San Juan Bta. de la Salle, Med. 160)<\/a><\/p>\n<\/div>\n<\/div>\n","protected":false},"excerpt":{"rendered":"<p>6.3.1 Comunidad de fe. Fomentar actitudes evang\u00e9licas de libertad, caridad y fe a trav\u00e9s del conocimiento y aceptaci\u00f3n mutua de todos los miembros de la Comunidad Educativa, del di\u00e1logo, del esp\u00edritu de servicio abnegado y del amor; pues la caracter\u00edstica esencial de la escuela cristiana es la promoci\u00f3n de los valores humanos en referencia constante [&hellip;]<\/p>\n","protected":false},"author":4,"featured_media":0,"parent":0,"menu_order":0,"comment_status":"closed","ping_status":"closed","template":"","meta":{"footnotes":""},"class_list":["post-6018","page","type-page","status-publish","hentry"],"_links":{"self":[{"href":"https:\/\/www.lasalle.edu.do\/portal\/wp-json\/wp\/v2\/pages\/6018","targetHints":{"allow":["GET"]}}],"collection":[{"href":"https:\/\/www.lasalle.edu.do\/portal\/wp-json\/wp\/v2\/pages"}],"about":[{"href":"https:\/\/www.lasalle.edu.do\/portal\/wp-json\/wp\/v2\/types\/page"}],"author":[{"embeddable":true,"href":"https:\/\/www.lasalle.edu.do\/portal\/wp-json\/wp\/v2\/users\/4"}],"replies":[{"embeddable":true,"href":"https:\/\/www.lasalle.edu.do\/portal\/wp-json\/wp\/v2\/comments?post=6018"}],"version-history":[{"count":7,"href":"https:\/\/www.lasalle.edu.do\/portal\/wp-json\/wp\/v2\/pages\/6018\/revisions"}],"predecessor-version":[{"id":6029,"href":"https:\/\/www.lasalle.edu.do\/portal\/wp-json\/wp\/v2\/pages\/6018\/revisions\/6029"}],"wp:attachment":[{"href":"https:\/\/www.lasalle.edu.do\/portal\/wp-json\/wp\/v2\/media?parent=6018"}],"curies":[{"name":"wp","href":"https:\/\/api.w.org\/{rel}","templated":true}]}}