{"id":6015,"date":"2016-02-28T02:28:12","date_gmt":"2016-02-28T02:28:12","guid":{"rendered":"http:\/\/lasalle.edu.do\/portal\/?page_id=6015"},"modified":"2016-05-06T03:55:15","modified_gmt":"2016-05-06T03:55:15","slug":"ideario","status":"publish","type":"page","link":"https:\/\/www.lasalle.edu.do\/portal\/ideario\/","title":{"rendered":"Ideario"},"content":{"rendered":"<blockquote><p><strong><a href=\"http:\/\/lasalle.edu.do\/portal\/dimension-trascendente\/\">Dimensi\u00f3n Trascendente<\/a><\/strong><\/p><\/blockquote>\n<div id=\"contenido_reg\" align=\"justify\">\n<p>Fomentar actitudes evang\u00e9licas de libertad, caridad y fe a trav\u00e9s del conocimiento y aceptaci\u00f3n mutua de todos los miembros de la Comunidad Educativa, del di\u00e1logo, del esp\u00edritu de servicio abnegado y del amor; pues la caracter\u00edstica esencial de la escuela cristiana es la promoci\u00f3n de los valores humanos en referencia constante a Cristo y al Evangelio. <a href=\"http:\/\/lasalle.edu.do\/portal\/dimension-trascendente\/\">Leer M\u00e1s.<\/a><\/p>\n<blockquote><p><strong><a href=\"http:\/\/lasalle.edu.do\/portal\/dimension-social\/\">Dimensi\u00f3n Social<\/a><\/strong><\/p><\/blockquote>\n<p>Crear un clima de respeto mutuo y confianza para fomentar la participaci\u00f3n efectiva y responsable de los alumnos en la vida del Colegio, con el fin de facilitar el desarrollo personal de cada uno. <a href=\"http:\/\/lasalle.edu.do\/portal\/dimension-social\/\">Leer M\u00e1s.<\/a><\/p>\n<blockquote><p><strong><a href=\"http:\/\/lasalle.edu.do\/portal\/dimension-individual\/\">Dimensi\u00f3n Individual<\/a><\/strong><\/p><\/blockquote>\n<p>Crear un clima de respeto mutuo y confianza para fomentar la participaci\u00f3n efectiva y responsable de los alumnos en la vida del Colegio, con el fin de facilitar el desarrollo personal de cada uno. <a href=\"http:\/\/lasalle.edu.do\/portal\/dimension-individual\/\">Leer M\u00e1s<\/a>.<\/p>\n<blockquote><p><strong><a href=\"http:\/\/lasalle.edu.do\/portal\/ideario-del-colegio-dominicano-de-la-salle\/\">Ideario del Colegio Dominicano de La SALLE<\/a><\/strong><\/p><\/blockquote>\n<div class=\"su-quote su-quote-style-default su-quote-has-cite\"><div class=\"su-quote-inner su-u-clearfix su-u-trim\">Todos los hombres, de cualquier raza, condici\u00f3n y edad, puesto que est\u00e1n dotados de la dignidad de la persona, tienen derecho inalienable a una educaci\u00f3n que responda al propio fin, al car\u00e1cter propio y a la diferencia de sexo, que sea conforme a la cultura y a las tradiciones patrias, y que al mismo tiempo est\u00e9 abierta a la asociaci\u00f3n fraterna con los otros pueblos para fomentar la verdadera unidad y la paz en la tierra.<span class=\"su-quote-cite\">Concilio Vaticano II<\/span><\/div><\/div> <a href=\"http:\/\/lasalle.edu.do\/portal\/ideario-del-colegio-dominicano-de-la-salle\/\">Leer M\u00e1s<\/a>.<\/p>\n<\/div>\n","protected":false},"excerpt":{"rendered":"<p>Dimensi\u00f3n Trascendente Fomentar actitudes evang\u00e9licas de libertad, caridad y fe a trav\u00e9s del conocimiento y aceptaci\u00f3n mutua de todos los miembros de la Comunidad Educativa, del di\u00e1logo, del esp\u00edritu de servicio abnegado y del amor; pues la caracter\u00edstica esencial de la escuela cristiana es la promoci\u00f3n de los valores humanos en referencia constante a Cristo [&hellip;]<\/p>\n","protected":false},"author":4,"featured_media":0,"parent":0,"menu_order":0,"comment_status":"closed","ping_status":"closed","template":"","meta":{"footnotes":""},"class_list":["post-6015","page","type-page","status-publish","hentry"],"_links":{"self":[{"href":"https:\/\/www.lasalle.edu.do\/portal\/wp-json\/wp\/v2\/pages\/6015","targetHints":{"allow":["GET"]}}],"collection":[{"href":"https:\/\/www.lasalle.edu.do\/portal\/wp-json\/wp\/v2\/pages"}],"about":[{"href":"https:\/\/www.lasalle.edu.do\/portal\/wp-json\/wp\/v2\/types\/page"}],"author":[{"embeddable":true,"href":"https:\/\/www.lasalle.edu.do\/portal\/wp-json\/wp\/v2\/users\/4"}],"replies":[{"embeddable":true,"href":"https:\/\/www.lasalle.edu.do\/portal\/wp-json\/wp\/v2\/comments?post=6015"}],"version-history":[{"count":8,"href":"https:\/\/www.lasalle.edu.do\/portal\/wp-json\/wp\/v2\/pages\/6015\/revisions"}],"predecessor-version":[{"id":6385,"href":"https:\/\/www.lasalle.edu.do\/portal\/wp-json\/wp\/v2\/pages\/6015\/revisions\/6385"}],"wp:attachment":[{"href":"https:\/\/www.lasalle.edu.do\/portal\/wp-json\/wp\/v2\/media?parent=6015"}],"curies":[{"name":"wp","href":"https:\/\/api.w.org\/{rel}","templated":true}]}}