{"id":5838,"date":"2016-02-22T05:32:12","date_gmt":"2016-02-22T05:32:12","guid":{"rendered":"http:\/\/localhost:8080\/lasalle\/?page_id=5838"},"modified":"2016-05-06T14:55:42","modified_gmt":"2016-05-06T14:55:42","slug":"apasalle","status":"publish","type":"page","link":"https:\/\/www.lasalle.edu.do\/portal\/apasalle\/","title":{"rendered":"APASALLE"},"content":{"rendered":"<blockquote><p>Asociaci\u00f3n de Padres, Madres y Alumnos(as) del Colegio Dominicano De La Salle<\/p><\/blockquote>\n<p>Los padres y las madres no podemos delegar totalmente en la escuela la educaci\u00f3n de nuestros hijos e hijas, pues cada instancia, escuela y familia, juega un papel fundamental y, lo importante es que unos no en<img loading=\"lazy\" decoding=\"async\" class=\"alignright wp-image-6424 size-full\" src=\"http:\/\/lasalle.edu.do\/portal\/wp-content\/uploads\/2016\/02\/apasalle_logo.jpg\" alt=\"apasalle_logo\" width=\"280\" height=\"353\" srcset=\"https:\/\/www.lasalle.edu.do\/portal\/wp-content\/uploads\/2016\/02\/apasalle_logo.jpg 280w, https:\/\/www.lasalle.edu.do\/portal\/wp-content\/uploads\/2016\/02\/apasalle_logo-238x300.jpg 238w\" sizes=\"auto, (max-width: 280px) 100vw, 280px\" \/>tremos en contradicci\u00f3n con los otros.<\/p>\n<p>Nos toca, a los padres y madres de familia, velar por la calidad de la educaci\u00f3n deseada. Para tales fines se constituyeron la asociaciones de padres y madres de familia. Espec\u00edficamente, en nuestro Colegio, es trav\u00e9s de<strong> APASALLE<\/strong> que posibilitamos nuestra participaci\u00f3n de una manera ordenada y razonable en la vida escolar.<\/p>\n<div class=\"su-quote su-quote-style-default su-quote-has-cite\"><div class=\"su-quote-inner su-u-clearfix su-u-trim\">La comunicaci\u00f3n entre familia y escuela favorece la construcci\u00f3n de una escuela abierta, donde el esp\u00edritu de colaboraci\u00f3n es el mejor punto de partida para formar personas integradas plenamente en la sociedad en que viven y de la que ser\u00e1n miembros activos.<span class=\"su-quote-cite\">APASALLE<\/span><\/div><\/div>\n<blockquote><p><b>MISION<\/b><\/p><\/blockquote>\n<p>Somos una asociaci\u00f3n de padres y madres que acompa\u00f1a al Colegio Dominicano de la Salle en el proceso educativo de nuestros hijos e hijas para alcanzar una educaci\u00f3n integral basada en los principios lasallistas.<\/p>\n<blockquote><p><b>VISION<\/b><\/p><\/blockquote>\n<p>Ser una comunidad moderna, Innovadora, Din\u00e1mica, participativa y descentralizada que:<\/p>\n<div class=\"su-list\" style=\"margin-left:0px\">\n<ul>\n<li><i class=\"sui sui-star\" style=\"color:#333\"><\/i> Promueve la integraci\u00f3n de los padres y las madres al proyecto educativo lasallista<\/li>\n<li><i class=\"sui sui-star\" style=\"color:#333\"><\/i> Fortalece la familia como n\u00facleo social fundamental<\/li>\n<li><i class=\"sui sui-star\" style=\"color:#333\"><\/i> Contribuye a una formaci\u00f3n actualizada y de calidad de nuestros hijos e hijas.<\/li>\n<\/ul>\n<\/div>\n<blockquote><p><b>VALORES<\/b><\/p><\/blockquote>\n<p>Estos valores son considerados como pautas para orientar nuestras actitudes y acciones en dos dimensiones: personal y comunitaria.<\/p>\n<div class=\"su-list\" style=\"margin-left:0px\">\n<ul>\n<li><i class=\"sui sui-star\" style=\"color:#333\"><\/i> <strong>Solidaridad:\u00a0<\/strong>Uno de los pilares de la educaci\u00f3n lasallista, orientado a la transformaci\u00f3n social con prioridad a las necesidades de los m\u00e1s desfavorecidos<\/li>\n<li><i class=\"sui sui-star\" style=\"color:#333\"><\/i> <strong>\u00c9tica:<\/strong>\u00a0Junto a la educaci\u00f3n, es un instrumento inseparable para que la humanidad pueda progresar hacia los ideales de paz, libertad, justicia social, e igualdad.<\/li>\n<li><i class=\"sui sui-star\" style=\"color:#333\"><\/i> <strong>Espiritualidad;<\/strong>\u00a0Promover en nuestros hogares, en consonancia con el Colegio, un ambiente de oraci\u00f3n, paz, alegr\u00eda y servicio, fundamentado en el Evangelio.<\/li>\n<li><i class=\"sui sui-star\" style=\"color:#333\"><\/i> <strong>Identidad:\u00a0<\/strong>Personal y cultural, que refuerce las caracter\u00edsticas que como grupo humano y social nos autodefinen y distinguen del resto de la sociedad.<\/li>\n<li><i class=\"sui sui-star\" style=\"color:#333\"><\/i> <strong>Creatividad:<\/strong>\u00a0Ser original en las ideas, hechos y respuestas a las situaciones sociales fuera de \u201clo establecido\u201d; tener iniciativas orientadas a la innovaci\u00f3n.<\/li>\n<li><i class=\"sui sui-star\" style=\"color:#333\"><\/i> <strong>Equidad:<\/strong>\u00a0B\u00fasqueda de la justicia social, que asegura a todas las personas, el respeto a sus derechos, sin hacer diferencias entre unos y otros de ninguna \u00edndole.<\/li>\n<li><i class=\"sui sui-star\" style=\"color:#333\"><\/i> <strong>Compromiso:<\/strong>\u00a0Que nos conduzca, no solo a cumplir nuestras obligaciones sino a hacer m\u00e1s de lo esperado.<\/li>\n<\/ul>\n<\/div>\n<blockquote><p>Sobre el Delegado<\/p><\/blockquote>\n<p>El delegado(a) de APASALLE es el representante de los padres, madres y\/o tutores de los estudiantes de cada aula ante la Directiva. Para cada curso se elijen a principios de a\u00f1o escolar dos delegados(as), que se ofrecen voluntariamente o son propuestos por el grupo.<\/p>\n<p>Estos ejercer\u00e1n su funci\u00f3n durante un a\u00f1o escolar, pudiendo ser reelegidos en ciclos posteriores. Es requisito para los delegados y las delegadas la identificaci\u00f3n con el <a href=\"http:\/\/lasalle.edu.do\/portal\/ideario\/\">Ideario del Colegio <\/a>y de Apasalle.<\/p>\n<p><strong>Beneficios <\/strong><\/p>\n<p>El ser delegado(a) permite involucrarse m\u00e1s en el proceso educativo, conocer mejor el Colegio y tratar temas de inter\u00e9s colectivo para la comunidad educativa con los padres y madres, docentes y directivos.<\/p>\n<p><strong>Funciones <\/strong><\/p>\n<p>1\u00ba\u00a0<span style=\"line-height: 1.5;\">Recoger las inquietudes que los padres y madres de su clase le transmitan.<\/span><\/p>\n<p>2\u00ba Comunicar, a la Directiva del Colegio o de Apasalle, los planteamientos que le han hecho e informar a los padres de las respuestas obtenidas.<\/p>\n<p>3\u00ba Asistir a las asambleas de delegados convocadas por la Directiva.<\/p>\n<p>4\u00ba Favorecer la integraci\u00f3n de las familias de su clase.<\/p>\n<p>5\u00ba Fomentar la participaci\u00f3n de los padres en las actividades organizadas por Apasalle y el Colegio.<\/p>\n<p>6\u00ba Participar en las actividades curriculares o extracurriculares, a petici\u00f3n del profesorado<\/p>\n<div class=\"su-quote su-quote-style-default su-quote-has-cite\"><div class=\"su-quote-inner su-u-clearfix su-u-trim\">Como delegado (a) podemos ajercer nuestro liderazgo y aportar nuestras ideas, animando a la institucion a ser mejor<span class=\"su-quote-cite\">APASALLE<\/span><\/div><\/div>\n<blockquote><p>Sobre el Comit\u00e9 del Curso<\/p><\/blockquote>\n<p>El conjunto de delegados de cada grado forman el Comit\u00e9 de curso, el cual es parte del Consejo de Aula, junto al titular del grupo, los delegados estudiantiles y el orientador de la secci\u00f3n. Sus funciones son:<\/p>\n<p><strong>1\u00ba Apoyar a los docentes en la materializaci\u00f3n del proyecto de grado.<\/strong><\/p>\n<p><strong>2\u00ba Colaborar con la Directiva de Apasalle en el logro de los objetivos y funciones propuestas.<\/strong><\/p>\n<p><strong>3\u00ba Colaborar en el logro de la adecuada comunicaci\u00f3n entre los padres de familia del aula y los docentes.<\/strong><\/p>\n<p>El Comit\u00e9 de Curso se re\u00fane peri\u00f3dicamente con el profesor(a) titular y con la direcci\u00f3n de la secci\u00f3n para informarse del desarrollo del proyecto de grado, exponerles las inquietudes generales de las familias. A su vez, atender las demandas de los docentes para transmitirlas a las familias.<\/p>\n<p>Para el ejercicio de sus actividades el Comit\u00e9 de Curso elaborar\u00e1 un plan de trabajo, el cual ser\u00e1 formulado y ejecutado con el consenso del titular de aula, y aprobado y evaluado por la Directiva.<\/p>\n<blockquote><p>Documentos\u00a0Organizacionales<\/p><\/blockquote>\n<p><a href=\"http:\/\/lasalle.edu.do\/lib\/descargas.php?f=CSDFG-HDSAanteproyecto_estatutos_apasalle_2009.pdf\" target=\"_blank\">Anteproyecto de Estatutos<\/a>, <a href=\"http:\/\/lasalle.edu.do\/lib\/descargas.php?f=7aS454VXCsestatutos_69-77.pdf\" target=\"_blank\">Estatutos 69&#8217;77<\/a>, <a href=\"http:\/\/lasalle.edu.do\/lib\/descargas.php?f=aS454VXCsD2000.pdf\" target=\"_blank\">Ordenanza 9&#8217;2000<\/a>, <a href=\"http:\/\/lasalle.edu.do\/lib\/descargas.php?f=7sA2D7SaDAbrochureapasalle2.pdf\" target=\"_blank\">Brochure APASALLE<\/a><\/p>\n","protected":false},"excerpt":{"rendered":"<p>Asociaci\u00f3n de Padres, Madres y Alumnos(as) del Colegio Dominicano De La Salle Los padres y las madres no podemos delegar totalmente en la escuela la educaci\u00f3n de nuestros hijos e hijas, pues cada instancia, escuela y familia, juega un papel fundamental y, lo importante es que unos no entremos en contradicci\u00f3n con los otros. Nos [&hellip;]<\/p>\n","protected":false},"author":4,"featured_media":0,"parent":0,"menu_order":0,"comment_status":"closed","ping_status":"closed","template":"","meta":{"footnotes":""},"class_list":["post-5838","page","type-page","status-publish","hentry"],"_links":{"self":[{"href":"https:\/\/www.lasalle.edu.do\/portal\/wp-json\/wp\/v2\/pages\/5838","targetHints":{"allow":["GET"]}}],"collection":[{"href":"https:\/\/www.lasalle.edu.do\/portal\/wp-json\/wp\/v2\/pages"}],"about":[{"href":"https:\/\/www.lasalle.edu.do\/portal\/wp-json\/wp\/v2\/types\/page"}],"author":[{"embeddable":true,"href":"https:\/\/www.lasalle.edu.do\/portal\/wp-json\/wp\/v2\/users\/4"}],"replies":[{"embeddable":true,"href":"https:\/\/www.lasalle.edu.do\/portal\/wp-json\/wp\/v2\/comments?post=5838"}],"version-history":[{"count":18,"href":"https:\/\/www.lasalle.edu.do\/portal\/wp-json\/wp\/v2\/pages\/5838\/revisions"}],"predecessor-version":[{"id":6440,"href":"https:\/\/www.lasalle.edu.do\/portal\/wp-json\/wp\/v2\/pages\/5838\/revisions\/6440"}],"wp:attachment":[{"href":"https:\/\/www.lasalle.edu.do\/portal\/wp-json\/wp\/v2\/media?parent=5838"}],"curies":[{"name":"wp","href":"https:\/\/api.w.org\/{rel}","templated":true}]}}