{"id":5836,"date":"2016-02-22T05:31:42","date_gmt":"2016-02-22T05:31:42","guid":{"rendered":"http:\/\/localhost:8080\/lasalle\/?page_id=5836"},"modified":"2016-05-06T22:59:45","modified_gmt":"2016-05-06T22:59:45","slug":"biblioteca-en-linea","status":"publish","type":"page","link":"https:\/\/www.lasalle.edu.do\/portal\/biblioteca-en-linea\/","title":{"rendered":"Biblioteca en DLS"},"content":{"rendered":"<p>La Biblioteca Jos\u00e9 Gabriel Garc\u00eda del Colegio Dominicano De La Salle es un centro de informaci\u00f3n y constituye un recurso educativo de apoyo al Curr\u00edculo y al Proyecto del Centro. El nombre de la misma rinde honor a <a href=\"http:\/\/www.ecured.cu\/Jos%C3%A9_Gabriel_Garc%C3%ADa\">Jos\u00e9 Gabriel Garc\u00eda (1834-1910)<\/a>, gran historiador bi\u00f3grafo, escritor y pol\u00edtico dominicano.<\/p>\n<blockquote><p>Misi\u00f3n y Objetivos<\/p><\/blockquote>\n<p>La misi\u00f3n de la Biblioteca es ofrecer a sus usuarios un servicio de calidad permanente que garantice plena satisfacci\u00f3n de sus necesidades, contribuyendo as\u00ed a la formaci\u00f3n de hombres y mujeres capaces de responder a las exigencias de nuestra sociedad.<\/p>\n<p>La Biblioteca pretende ser tambi\u00e9n un foro de discusi\u00f3n y trabajo en el que todos los miembros de la Comunidad Educativa encuentren un lugar y la ocasi\u00f3n para participar y aportar sus ideas, sus valores, su trabajo o cualquier elemento que juzguen beneficioso para el quehacer educativo.<\/p>\n<p><strong>La acci\u00f3n de la unidad de Biblioteca est\u00e1 orientada hacia las finalidades siguientes:<\/strong><\/p>\n<div class=\"su-list\" style=\"margin-left:0px\">\n<ul>\n<li><i class=\"sui sui-star\" style=\"color:#333\"><\/i> Garantizar a nuestros usuarios un espacio con las oportunidades necesarias para el crecimiento y desarrollo de sus habilidades.<\/li>\n<li><i class=\"sui sui-star\" style=\"color:#333\"><\/i> Incentivar la b\u00fasqueda del conocimiento a trav\u00e9s de la investigaci\u00f3n en beneficio de todos los sectores de la poblaci\u00f3n.<\/li>\n<li><i class=\"sui sui-star\" style=\"color:#333\"><\/i> Contribuir al crecimiento cultural, moral e intelectual de nuestros usuarios como parte de su formaci\u00f3n integral.<\/li>\n<li><i class=\"sui sui-star\" style=\"color:#333\"><\/i> Fomentar en los alumnos el h\u00e1bito y el placer de la lectura, el aprendizaje y la utilizaci\u00f3n de la Biblioteca.<\/li>\n<\/ul>\n<\/div>\n<p>La Biblioteca cuenta con colecciones de materiales diversos, como son:<\/p>\n<div class=\"su-list\" style=\"margin-left:0px\">\n<ul>\n<li><i class=\"sui sui-star\" style=\"color:#333\"><\/i> Colecci\u00f3n de Referencia: Contiene las fuentes especiales y de consulta r\u00e1pida como son diccionarios, enciclopedias, atlas, almanaques, directorios, \u00edndices, gu\u00edas, cat\u00e1logos colectivos, manuales, bibliograf\u00edas y obras similares.<\/li>\n<li><i class=\"sui sui-star\" style=\"color:#333\"><\/i> Colecci\u00f3n General: Contiene libros sobre las diferentes \u00e1reas del conocimiento, \u00fatiles para la docencia y la investigaci\u00f3n.<\/li>\n<li><i class=\"sui sui-star\" style=\"color:#333\"><\/i> Colecci\u00f3n Dominicana: Integrada por obras sobre cualquier documento impreso -escrito por autor dominicano o extranjero, en o fuera del pa\u00eds- que trate sobre la Rep\u00fablica Dominicana o que se relacione con la misma.<\/li>\n<li><i class=\"sui sui-star\" style=\"color:#333\"><\/i> Colecci\u00f3n Juvenil: Integrada por una selecci\u00f3n de textos que abarcan los principales g\u00e9neros literarios de autores nacionales y extranjeros contempor\u00e1neos, orientados al p\u00fablico juvenil.<\/li>\n<li><i class=\"sui sui-star\" style=\"color:#333\"><\/i> Libros de textos: Integrada por los libros de texto y las gu\u00edas did\u00e1cticas sugeridas por la Secretaria de Educaci\u00f3n y dem\u00e1s materiales de consulta de las principales casas editoras.<\/li>\n<li><i class=\"sui sui-star\" style=\"color:#333\"><\/i> Hemeroteca: Esta colecci\u00f3n concentra todas las publicaciones seriadas: revistas, boletines, diarios y otros de esta naturaleza.<br \/>\n<\/div><\/li>\n<\/ul>\n<blockquote><p>Organizaci\u00f3n de las Colecciones<\/p><\/blockquote>\n<p>Para la organizaci\u00f3n de los materiales de la Biblioteca Jos\u00e9 Gabriel Garc\u00eda se aplican normas y est\u00e1ndares internacionales.<\/p>\n<p>Para la clasificaci\u00f3n se utiliza el Sistema Decimal de Clasificaci\u00f3n de Melvin Dewey; para la Catalogaci\u00f3n se usan las Reglas de Catalogaci\u00f3n Angloamericana (AACR \u2013 2 ); y para el an\u00e1lisis de los contenidos, la Lista de Encabezamientos de Materias para Bibliotecas (LEMB).\u00a0Para el desarrollo de la base de datos es utilizado el Sistema Integrado Automatizado de Bibliotecas de la Universidad de Colima (SIABUC8).<\/p>\n<p>Nuestros Principales Servicios son:<\/p>\n<div class=\"su-list\" style=\"margin-left:0px\">\n<ul>\n<li><i class=\"sui sui-star\" style=\"color:#333\"><\/i> Pr\u00e9stamo de libros y otros recursos bibliogr\u00e1ficos en sala y a domicilio.<\/li>\n<li><i class=\"sui sui-star\" style=\"color:#333\"><\/i> Servicio de Referencia personalizado.<\/li>\n<li><i class=\"sui sui-star\" style=\"color:#333\"><\/i> Servicio de Internet (para alumnos y profesores).<\/li>\n<li><i class=\"sui sui-star\" style=\"color:#333\"><\/i> Cat\u00e1logo automatizado.<\/li>\n<li><i class=\"sui sui-star\" style=\"color:#333\"><\/i> Sal\u00f3n de estudio en grupo.<\/li>\n<li><i class=\"sui sui-star\" style=\"color:#333\"><\/i> Orientaci\u00f3n en el uso del Cat\u00e1logo y dem\u00e1s servicios de la Biblioteca.<\/li>\n<li><i class=\"sui sui-star\" style=\"color:#333\"><\/i> Exposici\u00f3n de materiales de reciente adquisici\u00f3n.<\/li>\n<li><i class=\"sui sui-star\" style=\"color:#333\"><\/i> Exposici\u00f3n de los n\u00fameros m\u00e1s recientes de las revistas recibidas.<\/li>\n<li><i class=\"sui sui-star\" style=\"color:#333\"><\/i> Circulaci\u00f3n de libros y materiales de la Biblioteca.<\/li>\n<li><i class=\"sui sui-star\" style=\"color:#333\"><\/i> Videos Educativos.<\/li>\n<li><i class=\"sui sui-star\" style=\"color:#333\"><\/i> Consulta e informaci\u00f3n directa, por tel\u00e9fono, carta, correo electr\u00f3nico u otros medios.<\/li>\n<\/ul>\n<\/div>\n<blockquote><p>Horario<\/p><\/blockquote>\n<p>Lunes a Viernes de 7:30 a.m. a 5:00 p.m.<\/p>\n","protected":false},"excerpt":{"rendered":"<p>La Biblioteca Jos\u00e9 Gabriel Garc\u00eda del Colegio Dominicano De La Salle es un centro de informaci\u00f3n y constituye un recurso educativo de apoyo al Curr\u00edculo y al Proyecto del Centro. El nombre de la misma rinde honor a Jos\u00e9 Gabriel Garc\u00eda (1834-1910), gran historiador bi\u00f3grafo, escritor y pol\u00edtico dominicano. Misi\u00f3n y Objetivos La misi\u00f3n de [&hellip;]<\/p>\n","protected":false},"author":4,"featured_media":0,"parent":0,"menu_order":0,"comment_status":"closed","ping_status":"closed","template":"","meta":{"footnotes":""},"class_list":["post-5836","page","type-page","status-publish","hentry"],"_links":{"self":[{"href":"https:\/\/www.lasalle.edu.do\/portal\/wp-json\/wp\/v2\/pages\/5836","targetHints":{"allow":["GET"]}}],"collection":[{"href":"https:\/\/www.lasalle.edu.do\/portal\/wp-json\/wp\/v2\/pages"}],"about":[{"href":"https:\/\/www.lasalle.edu.do\/portal\/wp-json\/wp\/v2\/types\/page"}],"author":[{"embeddable":true,"href":"https:\/\/www.lasalle.edu.do\/portal\/wp-json\/wp\/v2\/users\/4"}],"replies":[{"embeddable":true,"href":"https:\/\/www.lasalle.edu.do\/portal\/wp-json\/wp\/v2\/comments?post=5836"}],"version-history":[{"count":4,"href":"https:\/\/www.lasalle.edu.do\/portal\/wp-json\/wp\/v2\/pages\/5836\/revisions"}],"predecessor-version":[{"id":6481,"href":"https:\/\/www.lasalle.edu.do\/portal\/wp-json\/wp\/v2\/pages\/5836\/revisions\/6481"}],"wp:attachment":[{"href":"https:\/\/www.lasalle.edu.do\/portal\/wp-json\/wp\/v2\/media?parent=5836"}],"curies":[{"name":"wp","href":"https:\/\/api.w.org\/{rel}","templated":true}]}}