{"id":5831,"date":"2016-02-22T05:25:43","date_gmt":"2016-02-22T05:25:43","guid":{"rendered":"http:\/\/localhost:8080\/lasalle\/?page_id=5831"},"modified":"2016-05-08T02:35:53","modified_gmt":"2016-05-08T02:35:53","slug":"oferta-educativa","status":"publish","type":"page","link":"https:\/\/www.lasalle.edu.do\/portal\/oferta-educativa\/","title":{"rendered":"Oferta Educativa"},"content":{"rendered":"<p>La estructura de la oferta acad\u00e9mica\u00a0del <strong>Colegio Dominicano De La Salle<\/strong> responde a los lineamientos del\u00a0<a href=\"http:\/\/www.minerd.gob.do\/Pages\/inicio.aspx\" target=\"_blank\">Ministerio de Educaci\u00f3n<\/a>\u00a0comprendiendo:<\/p>\n<div class=\"su-list\" style=\"margin-left:0px\">\n<ul>\n<li><i class=\"sui sui-star\" style=\"color:#333\"><\/i> <a href=\"http:\/\/lasalle.edu.do\/portal\/educacion-inicial\/\">Nivel Inicial<\/a>, el cual comprende los niveles Estrellita, <strong>Pre-Kinder, Kinder y Pre-Primario.<\/strong><\/li>\n<li><i class=\"sui sui-star\" style=\"color:#333\"><\/i> <a href=\"http:\/\/lasalle.edu.do\/portal\/educacion-basica\/\">Primer Ciclo del Nivel B\u00e1sico<\/a>, al que denominamos B\u00e1sica I, el cual comprende <strong>Primero, Segundo, Tercero y Cuarto grado.<\/strong><\/li>\n<li><i class=\"sui sui-star\" style=\"color:#333\"><\/i> <a href=\"http:\/\/lasalle.edu.do\/portal\/educacion-basica-ii\/\">Segundo Ciclo del Nivel B\u00e1sico<\/a>, al que denominamos B\u00e1sica II, el cual comprende <strong>Quinto, Sexto, S\u00e9ptimo y Octavo grado.<\/strong><\/li>\n<li><i class=\"sui sui-star\" style=\"color:#333\"><\/i> <a href=\"http:\/\/lasalle.edu.do\/portal\/educacion-media\/\">Nivel Medio<\/a>, comprendiendo los grados de <strong>Primero, Segundo, Tercero y Cuarto de Media.<\/strong><\/li>\n<\/ul>\n<\/div>\n<p>El dise\u00f1o de nuestra oferta educativa busca que los ni\u00f1os y los j\u00f3venes no s\u00f3lo adquieren la instrucci\u00f3n acad\u00e9mica requerida por el curr\u00edculo estipulado por el <a href=\"http:\/\/www.minerd.gob.do\/Pages\/inicio.aspx\" target=\"_blank\">Ministerio de Educaci\u00f3n de la Rep\u00fablica Dominicana<\/a>, sino que se enriquecen y se preparan\u00a0 para ser exitosos y para convertirse en hombres y mujeres de bien, <a href=\"http:\/\/lasalle.edu.do\/portal\/mision-vision-y-valores\/\">fundamentando su accionar en los valores lasallistas<\/a>.<\/p>\n","protected":false},"excerpt":{"rendered":"<p>La estructura de la oferta acad\u00e9mica\u00a0del Colegio Dominicano De La Salle responde a los lineamientos del\u00a0Ministerio de Educaci\u00f3n\u00a0comprendiendo: El dise\u00f1o de nuestra oferta educativa busca que los ni\u00f1os y los j\u00f3venes no s\u00f3lo adquieren la instrucci\u00f3n acad\u00e9mica requerida por el curr\u00edculo estipulado por el Ministerio de Educaci\u00f3n de la Rep\u00fablica Dominicana, sino que se enriquecen [&hellip;]<\/p>\n","protected":false},"author":4,"featured_media":0,"parent":0,"menu_order":0,"comment_status":"closed","ping_status":"closed","template":"","meta":{"footnotes":""},"class_list":["post-5831","page","type-page","status-publish","hentry"],"_links":{"self":[{"href":"https:\/\/www.lasalle.edu.do\/portal\/wp-json\/wp\/v2\/pages\/5831","targetHints":{"allow":["GET"]}}],"collection":[{"href":"https:\/\/www.lasalle.edu.do\/portal\/wp-json\/wp\/v2\/pages"}],"about":[{"href":"https:\/\/www.lasalle.edu.do\/portal\/wp-json\/wp\/v2\/types\/page"}],"author":[{"embeddable":true,"href":"https:\/\/www.lasalle.edu.do\/portal\/wp-json\/wp\/v2\/users\/4"}],"replies":[{"embeddable":true,"href":"https:\/\/www.lasalle.edu.do\/portal\/wp-json\/wp\/v2\/comments?post=5831"}],"version-history":[{"count":5,"href":"https:\/\/www.lasalle.edu.do\/portal\/wp-json\/wp\/v2\/pages\/5831\/revisions"}],"predecessor-version":[{"id":6598,"href":"https:\/\/www.lasalle.edu.do\/portal\/wp-json\/wp\/v2\/pages\/5831\/revisions\/6598"}],"wp:attachment":[{"href":"https:\/\/www.lasalle.edu.do\/portal\/wp-json\/wp\/v2\/media?parent=5831"}],"curies":[{"name":"wp","href":"https:\/\/api.w.org\/{rel}","templated":true}]}}