{"id":5812,"date":"2016-02-22T05:02:46","date_gmt":"2016-02-22T05:02:46","guid":{"rendered":"http:\/\/localhost:8080\/lasalle\/?page_id=5812"},"modified":"2016-05-06T01:01:37","modified_gmt":"2016-05-06T01:01:37","slug":"mision-vision-y-valores","status":"publish","type":"page","link":"https:\/\/www.lasalle.edu.do\/portal\/mision-vision-y-valores\/","title":{"rendered":"Misi\u00f3n, Visi\u00f3n y Valores"},"content":{"rendered":"<div class=\"su-heading su-heading-style-default su-heading-align-left\" id=\"\" style=\"font-size:13px;margin-bottom:20px\"><div class=\"su-heading-inner\">Misi\u00f3n<\/div><\/div>\n<div class=\"su-list\" style=\"margin-left:0px\">\n<ul>\n<li><i class=\"sui sui-star\" style=\"color:#333\"><\/i> Educar a ni\u00f1os, ni\u00f1as y j\u00f3venes para que logren su desarrollo integral en las dimensiones individual, social y trascendente, que les facilite una inserci\u00f3n cr\u00edtica, creativa y eficiente en la sociedad.<\/li>\n<\/ul>\n<\/div>\n<div class=\"su-heading su-heading-style-default su-heading-align-left\" id=\"\" style=\"font-size:13px;margin-bottom:20px\"><div class=\"su-heading-inner\">Visi\u00f3n<\/div><\/div>\n<div class=\"su-list\" style=\"margin-left:0px\">\n<ul>\n<li><i class=\"sui sui-star\" style=\"color:#333\"><\/i> Ser un centro educativo reconocido por la \u00a0 calidad y la innovaci\u00f3n en sus estrategias pedag\u00f3gicas, el desarrollo \u00a0 integral de sus estudiantes y las competencias de su personal docente.<\/li>\n<\/ul>\n<\/div>\n<div class=\"su-heading su-heading-style-default su-heading-align-left\" id=\"\" style=\"font-size:13px;margin-bottom:20px\"><div class=\"su-heading-inner\">Objetivos<\/div><\/div>\n<div class=\"su-list\" style=\"margin-left:0px\">\n<ul>\n<li><i class=\"sui sui-star\" style=\"color:#333\"><\/i> Promover aprendizajes de calidad en ni\u00f1os, ni\u00f1as y j\u00f3venes para favorecer su desarrollo integral.<\/li>\n<li><i class=\"sui sui-star\" style=\"color:#333\"><\/i> Formar en los valores que se explicitan en el Evangelio.<\/li>\n<li><i class=\"sui sui-star\" style=\"color:#333\"><\/i> Favorecer la inserci\u00f3n cr\u00edtica del \u00a0 alumnado y en la comunidad local, nacional e \u00a0internacional, aportando \u00a0 al desarrollo y transformaci\u00f3n de la misma.<\/li>\n<li><i class=\"sui sui-star\" style=\"color:#333\"><\/i> Facilitar la formaci\u00f3n y actualizaci\u00f3n permanente del profesorado en las \u00e1reas de su especialidad.<\/li>\n<li><i class=\"sui sui-star\" style=\"color:#333\"><\/i> Promover la integraci\u00f3n escuela &#8211; familia para la educaci\u00f3n del estudiantado.<\/li>\n<li><i class=\"sui sui-star\" style=\"color:#333\"><\/i> Desarrollar la identidad personal y social de los y las estudiantes.<\/li>\n<\/ul>\n<\/div>\n<blockquote>\n<h4>\u00a0<span style=\"font-size: large;\">Valores en los que fundamenta su proyecto educativo<\/span><\/h4>\n<\/blockquote>\n<div class=\"su-list\" style=\"margin-left:0px\">\n<ul>\n<li><i class=\"sui sui-star\" style=\"color:#333\"><\/i> Respeto a la persona humana<\/li>\n<li><i class=\"sui sui-star\" style=\"color:#333\"><\/i> Amor a Dios y a la Patria<\/li>\n<li><i class=\"sui sui-star\" style=\"color:#333\"><\/i> Educaci\u00f3n de calidad<\/li>\n<li><i class=\"sui sui-star\" style=\"color:#333\"><\/i> Educaci\u00f3n en la libertad<\/li>\n<li><i class=\"sui sui-star\" style=\"color:#333\"><\/i> Educaci\u00f3n para la solidaridad<\/li>\n<\/ul>\n<\/div>\n","protected":false},"excerpt":{"rendered":"<p>\u00a0Valores en los que fundamenta su proyecto educativo<\/p>\n","protected":false},"author":4,"featured_media":0,"parent":0,"menu_order":0,"comment_status":"closed","ping_status":"closed","template":"","meta":{"footnotes":""},"class_list":["post-5812","page","type-page","status-publish","hentry"],"_links":{"self":[{"href":"https:\/\/www.lasalle.edu.do\/portal\/wp-json\/wp\/v2\/pages\/5812","targetHints":{"allow":["GET"]}}],"collection":[{"href":"https:\/\/www.lasalle.edu.do\/portal\/wp-json\/wp\/v2\/pages"}],"about":[{"href":"https:\/\/www.lasalle.edu.do\/portal\/wp-json\/wp\/v2\/types\/page"}],"author":[{"embeddable":true,"href":"https:\/\/www.lasalle.edu.do\/portal\/wp-json\/wp\/v2\/users\/4"}],"replies":[{"embeddable":true,"href":"https:\/\/www.lasalle.edu.do\/portal\/wp-json\/wp\/v2\/comments?post=5812"}],"version-history":[{"count":15,"href":"https:\/\/www.lasalle.edu.do\/portal\/wp-json\/wp\/v2\/pages\/5812\/revisions"}],"predecessor-version":[{"id":6333,"href":"https:\/\/www.lasalle.edu.do\/portal\/wp-json\/wp\/v2\/pages\/5812\/revisions\/6333"}],"wp:attachment":[{"href":"https:\/\/www.lasalle.edu.do\/portal\/wp-json\/wp\/v2\/media?parent=5812"}],"curies":[{"name":"wp","href":"https:\/\/api.w.org\/{rel}","templated":true}]}}