{"id":5804,"date":"2016-02-21T13:21:50","date_gmt":"2016-02-21T13:21:50","guid":{"rendered":"http:\/\/localhost:8080\/lasalle\/?page_id=5804"},"modified":"2016-05-06T04:44:27","modified_gmt":"2016-05-06T04:44:27","slug":"san-juan-bautista-de-la-salle","status":"publish","type":"page","link":"https:\/\/www.lasalle.edu.do\/portal\/san-juan-bautista-de-la-salle\/","title":{"rendered":"San Juan Bautista De La Salle"},"content":{"rendered":"<blockquote><p>Fundador del Instituto de los Hermanos de las Escuelas Cristianas, Patrono de los Educadores Cristianos<\/p><\/blockquote>\n<p><img loading=\"lazy\" decoding=\"async\" class=\"alignleft wp-image-6006\" title=\"San Juan Bautista De La Salle - Nuestro Fundandor\" src=\"http:\/\/lasalle.edu.do\/portal\/wp-content\/uploads\/2016\/02\/salle_san_juan-768x1024.jpg\" alt=\"salle_san_juan\" width=\"339\" height=\"452\" srcset=\"https:\/\/www.lasalle.edu.do\/portal\/wp-content\/uploads\/2016\/02\/salle_san_juan-768x1024.jpg 768w, https:\/\/www.lasalle.edu.do\/portal\/wp-content\/uploads\/2016\/02\/salle_san_juan-225x300.jpg 225w, https:\/\/www.lasalle.edu.do\/portal\/wp-content\/uploads\/2016\/02\/salle_san_juan-700x933.jpg 700w, https:\/\/www.lasalle.edu.do\/portal\/wp-content\/uploads\/2016\/02\/salle_san_juan.jpg 1000w\" sizes=\"auto, (max-width: 339px) 100vw, 339px\" \/><strong>Juan Bautista de La Salle<\/strong> vivi\u00f3 en un mundo totalmente diferente del nuestro. Era el primog\u00e9nito de una familia acomodada que vivi\u00f3 en Francia hace 300 a\u00f1os. Juan Bautista de La Salle naci\u00f3 en Reims, recibi\u00f3 la tonsura a la edad de 11 a\u00f1os y fue nombrado can\u00f3nigo de la Catedral de Reims a los 16. Cuando murieron sus padres tuvo que encargarse de la administraci\u00f3n de los bienes de la familia. Pero, terminados sus estudios de teolog\u00eda, fue ordenado sacerdote el 9 de abril de 1678. Dos a\u00f1os m\u00e1s tarde, obtuvo el t\u00edtulo de doctor en teolog\u00eda. En ese per\u00edodo de su vida, intent\u00f3 comprometerse con un grupo de j\u00f3venes rudos y poco instru\u00eddos, a fin de fundar escuelas para ni\u00f1os pobres.<\/p>\n<p>En aquella \u00e9poca, s\u00f3lo algunas personas viv\u00edan con lujo, mientras la gran mayor\u00eda viv\u00eda en condiciones de extrema pobreza: los campesinos en las aldeas y los trabajadores miserables en las ciudades. S\u00f3lo un n\u00famero reducido pod\u00eda enviar a sus hijos a la escuela. La mayor\u00eda de los ni\u00f1os ten\u00edan pocas posibilidades de futuro. Conmovido por la situaci\u00f3n de estos pobres que parec\u00edan \u00abtan alejados de la salvaci\u00f3n\u00bb en una u otra situaci\u00f3n, tom\u00f3 la decisi\u00f3n de poner todos sus talentos al servicio de esos ni\u00f1os, \u00aba menudo abandonados a s\u00ed mismos y sin educaci\u00f3n\u00bb. Para ser m\u00e1s eficaz, abandon\u00f3 su casa familiar y se fue a vivir con los maestros, renunci\u00f3 a su canonj\u00eda y su fortuna y a continuaci\u00f3n, organiz\u00f3 la comunidad que hoy llamamos <strong>Hermanos de las Escuelas Cristianas<\/strong>.<\/p>\n<p>Su empresa se encontr\u00f3 con la oposici\u00f3n de las autoridades eclesi\u00e1sticas que no deseaban la creaci\u00f3n de una nueva forma de vida religiosa, una comunidad de laicos consagrados ocup\u00e1ndose de las escuelas \u00abjuntos y por asociaci\u00f3n\u00bb. Los estamentos educativos de aquel tiempo quedaron perturbados por sus m\u00e9todos innovadores y su absoluto deseo de gratuidad para todos, totalmente indiferente al hecho de saber si los padres pod\u00edan pagar o no. A pesar de todo, De La Salle y sus Hermanos lograron con \u00e9xito crear una red de escuelas de calidad, caracterizada por el uso de la lengua vern\u00e1cula, los grupos de alumnos reunidos por niveles y resultados, la formaci\u00f3n religiosa basada en temas originales, preparada por maestros con una vocaci\u00f3n religiosa y misionera a la vez y por la implicaci\u00f3n de los padres en la educaci\u00f3n. Adem\u00e1s, de La Salle fue innovador al proponer programas para la formaci\u00f3n de maestros seglares, cursos dominicales para j\u00f3venes trabajadores y una de las primeras instituciones para la reinserci\u00f3n de \u00abdelincuentes\u00bb. Extenuado por una vida cargada de austeridades y trabajos,\u00a0falleci\u00f3 en San Yon, cerca de Rouen, en 1719, s\u00f3lo unas semanas antes de cumplir 68 a\u00f1os.<\/p>\n<p><strong>Juan Bautista de La Salle<\/strong> fue el primero que organiz\u00f3 centros de formaci\u00f3n de maestros, escuelas de aprendizaje para delincuentes, escuelas t\u00e9cnicas, escuelas secundarias de idiomas modernos, artes y ciencias. Su obra se extendi\u00f3 rapid\u00edsimamente en Francia, y despu\u00e9s de su muerte, por todo el mundo. En 1900, <strong>Juan Bautista de La Salle<\/strong> fue declarado Santo. En 1950, a causa de su vida y sus escritos inspirados, recibi\u00f3 el t\u00edtulo de Santo Patrono de los que trabajan en el \u00e1mbito de la educaci\u00f3n. Juan Bautista mostr\u00f3 c\u00f3mo se debe ense\u00f1ar y tratar a los j\u00f3venes, c\u00f3mo enfrentarse a las deficiencias y debilidades con compasi\u00f3n, c\u00f3mo ayudar, curar y fortalecer. Hoy, las escuelas lasalianas existen en 85 pa\u00edses del mundo.<\/p>\n<ul>\n<li>Nacido en Reims, Francia, el 30 de abril de 1651<\/li>\n<li>Ordenado sacerdote el 9 de abril de 1678<\/li>\n<li>Fallecido el 7 de abril de 1719<\/li>\n<li>Beatificado el 19 de febrero de 1888<\/li>\n<li>Canonizado el 24 de mayo de 1900<\/li>\n<li>Proclamado Patrono de los Educadores Cristianos el 15 de mayo de 1950<\/li>\n<\/ul>\n","protected":false},"excerpt":{"rendered":"<p>Fundador del Instituto de los Hermanos de las Escuelas Cristianas, Patrono de los Educadores Cristianos Juan Bautista de La Salle vivi\u00f3 en un mundo totalmente diferente del nuestro. Era el primog\u00e9nito de una familia acomodada que vivi\u00f3 en Francia hace 300 a\u00f1os. Juan Bautista de La Salle naci\u00f3 en Reims, recibi\u00f3 la tonsura a la [&hellip;]<\/p>\n","protected":false},"author":4,"featured_media":6006,"parent":0,"menu_order":0,"comment_status":"closed","ping_status":"closed","template":"","meta":{"footnotes":""},"class_list":["post-5804","page","type-page","status-publish","has-post-thumbnail","hentry"],"_links":{"self":[{"href":"https:\/\/www.lasalle.edu.do\/portal\/wp-json\/wp\/v2\/pages\/5804","targetHints":{"allow":["GET"]}}],"collection":[{"href":"https:\/\/www.lasalle.edu.do\/portal\/wp-json\/wp\/v2\/pages"}],"about":[{"href":"https:\/\/www.lasalle.edu.do\/portal\/wp-json\/wp\/v2\/types\/page"}],"author":[{"embeddable":true,"href":"https:\/\/www.lasalle.edu.do\/portal\/wp-json\/wp\/v2\/users\/4"}],"replies":[{"embeddable":true,"href":"https:\/\/www.lasalle.edu.do\/portal\/wp-json\/wp\/v2\/comments?post=5804"}],"version-history":[{"count":7,"href":"https:\/\/www.lasalle.edu.do\/portal\/wp-json\/wp\/v2\/pages\/5804\/revisions"}],"predecessor-version":[{"id":6405,"href":"https:\/\/www.lasalle.edu.do\/portal\/wp-json\/wp\/v2\/pages\/5804\/revisions\/6405"}],"wp:featuredmedia":[{"embeddable":true,"href":"https:\/\/www.lasalle.edu.do\/portal\/wp-json\/wp\/v2\/media\/6006"}],"wp:attachment":[{"href":"https:\/\/www.lasalle.edu.do\/portal\/wp-json\/wp\/v2\/media?parent=5804"}],"curies":[{"name":"wp","href":"https:\/\/api.w.org\/{rel}","templated":true}]}}